{"id":106,"date":"2012-07-19T21:29:21","date_gmt":"2012-07-19T19:29:21","guid":{"rendered":"http:\/\/davo.wowdesign.de\/?page_id=106"},"modified":"2025-11-21T10:21:58","modified_gmt":"2025-11-21T08:21:58","slug":"davo-nachrichten","status":"publish","type":"page","link":"https:\/\/davo1.de\/de\/home\/davo-nachrichten\/","title":{"rendered":"Ver\u00f6ffentlichungen"},"content":{"rendered":"<div class=\"wpb-content-wrapper\"><p>[vc_row content_placement=&#8220;middle&#8220; css_animation=&#8220;fadeIn&#8220; css=&#8220;.vc_custom_1762957869383{background-position: center !important;background-repeat: no-repeat !important;background-size: cover !important;}&#8220;][vc_column css_animation=&#8220;fadeIn&#8220;][vc_empty_space height=&#8220;30px&#8220;][\/vc_column][\/vc_row][vc_row css=&#8220;.vc_custom_1572963125841{padding-top: 25px !important;}&#8220;][vc_column][vc_column_text css=&#8220;&#8220;]Bis 2025 erschien die Mitgliederzeitschrift DAVO-Nachrichten zweimal j\u00e4hrlich oder als Doppelband. Klicken Sie auf eines der unten gezeigten Titelbl\u00e4tter, um eine der letzten Ausgaben zu lesen.<\/p>\n<p>Zuk\u00fcnftig wird die DAVO Neuigkeiten und Informationen zunehmend \u00fcber die Website und per Mitgliedermailings teilen. Die genauen Formate werden derzeit entwickelt.[\/vc_column_text][\/vc_column][\/vc_row][vc_row][vc_column width=&#8220;1\/3&#8243;][vc_hoverbox image=&#8220;828&#8243; primary_title=&#8220;&#8220; hover_title=&#8220;DAVO Nr. 56-57&#8243; hover_title_font_container=&#8220;color:%23ffffff&#8220; hover_title_google_fonts=&#8220;font_family:Arial%3A100%2C100italic%2C300%2C300italic%2Cregular%2Citalic%2C500%2C500italic%2C700%2C700italic%2C900%2C900italic|font_style:700%20bold%20regular%3A700%3Anormal&#8220; shape=&#8220;square&#8220; hover_background_color=&#8220;custom&#8220; hover_btn_title=&#8220;Herunterladen&#8220; hover_btn_color=&#8220;white&#8220; hover_btn_align=&#8220;center&#8220; css_animation=&#8220;fadeInUp&#8220; use_custom_fonts_hover_title=&#8220;true&#8220; hover_add_button=&#8220;true&#8220; hover_btn_link=&#8220;url:https%3A%2F%2Fdavo1.de%2Fwp-content%2Fuploads%2F2025%2F08%2FDAVO-56-57.pdf|target:_blank&#8220; hover_custom_background=&#8220;#DC422C&#8220; el_class=&#8220;hoverbox&#8220; css=&#8220;.vc_custom_1755165077607{background-position: center !important;background-repeat: no-repeat !important;background-size: cover !important;border-radius: 1px !important;}&#8220;][\/vc_hoverbox][\/vc_column][vc_column width=&#8220;1\/3&#8243;][vc_hoverbox image=&#8220;776&#8243; primary_title=&#8220;&#8220; hover_title=&#8220;DAVO Nr. 54-55&#8243; hover_title_font_container=&#8220;color:%23ffffff&#8220; hover_title_google_fonts=&#8220;font_family:Arial%3A100%2C100italic%2C300%2C300italic%2Cregular%2Citalic%2C500%2C500italic%2C700%2C700italic%2C900%2C900italic|font_style:700%20bold%20regular%3A700%3Anormal&#8220; shape=&#8220;square&#8220; hover_background_color=&#8220;custom&#8220; hover_btn_title=&#8220;Herunterladen&#8220; hover_btn_color=&#8220;white&#8220; hover_btn_align=&#8220;center&#8220; css_animation=&#8220;fadeInUp&#8220; use_custom_fonts_hover_title=&#8220;true&#8220; hover_add_button=&#8220;true&#8220; hover_btn_link=&#8220;url:https%3A%2F%2Fdavo1.de%2Fwp-content%2Fuploads%2F2024%2F04%2FDAVO-Nachrichten-H54.pdf|target:_blank&#8220; hover_custom_background=&#8220;#9bdaf2&#8243; el_class=&#8220;hoverbox&#8220; css=&#8220;.vc_custom_1712584209252{background-position: center !important;background-repeat: no-repeat !important;background-size: cover !important;border-radius: 1px !important;}&#8220;][\/vc_hoverbox][\/vc_column][vc_column width=&#8220;1\/3&#8243;][vc_hoverbox image=&#8220;742&#8243; primary_title=&#8220;&#8220; hover_title=&#8220;DAVO Nr. 52-53&#8243; hover_title_font_container=&#8220;color:%23ffffff&#8220; hover_title_google_fonts=&#8220;font_family:Arial%3A100%2C100italic%2C300%2C300italic%2Cregular%2Citalic%2C500%2C500italic%2C700%2C700italic%2C900%2C900italic|font_style:700%20bold%20regular%3A700%3Anormal&#8220; shape=&#8220;square&#8220; hover_background_color=&#8220;custom&#8220; hover_btn_title=&#8220;Herunterladen&#8220; hover_btn_color=&#8220;white&#8220; hover_btn_align=&#8220;center&#8220; css_animation=&#8220;fadeInUp&#8220; use_custom_fonts_hover_title=&#8220;true&#8220; hover_add_button=&#8220;true&#8220; hover_btn_link=&#8220;url:https%3A%2F%2Fdavo1.de%2Fwp-content%2Fuploads%2F2023%2F02%2FZusammengefuegt_web.pdf|target:_blank&#8220; hover_custom_background=&#8220;#f7e202&#8243; el_class=&#8220;hoverbox&#8220; css=&#8220;.vc_custom_1677152439871{background-position: center !important;background-repeat: no-repeat !important;background-size: cover !important;border-radius: 1px !important;}&#8220;][\/vc_hoverbox][\/vc_column][\/vc_row]<\/p>\n<\/div>","protected":false},"excerpt":{"rendered":"<p>[vc_row content_placement=&#8220;middle&#8220; css_animation=&#8220;fadeIn&#8220; css=&#8220;.vc_custom_1762957869383{background-position: center !important;background-repeat: no-repeat !important;background-size: cover !important;}&#8220;][vc_column css_animation=&#8220;fadeIn&#8220;][vc_empty_space height=&#8220;30px&#8220;][\/vc_column][\/vc_row][vc_row css=&#8220;.vc_custom_1572963125841{padding-top: 25px !important;}&#8220;][vc_column][vc_column_text css=&#8220;&#8220;]Bis 2025 erschien die Mitgliederzeitschrift DAVO-Nachrichten zweimal j\u00e4hrlich oder als Doppelband. Klicken Sie auf eines der unten gezeigten Titelbl\u00e4tter, um eine der letzten Ausgaben zu lesen. Zuk\u00fcnftig wird die DAVO Neuigkeiten und Informationen zunehmend \u00fcber die Website und per Mitgliedermailings teilen. Die genauen Formate werden derzeit entwickelt.[\/vc_column_text][\/vc_column][\/vc_row][vc_row][vc_column width=&#8220;1\/3&#8243;][vc_hoverbox image=&#8220;828&#8243; primary_title=&#8220;&#8220; hover_title=&#8220;DAVO Nr. 56-57&#8243; hover_title_font_container=&#8220;color:%23ffffff&#8220; hover_title_google_fonts=&#8220;font_family:Arial%3A100%2C100italic%2C300%2C300italic%2Cregular%2Citalic%2C500%2C500italic%2C700%2C700italic%2C900%2C900italic|font_style:700%20bold%20regular%3A700%3Anormal&#8220; shape=&#8220;square&#8220; hover_background_color=&#8220;custom&#8220; hover_btn_title=&#8220;Herunterladen&#8220; hover_btn_color=&#8220;white&#8220; hover_btn_align=&#8220;center&#8220; css_animation=&#8220;fadeInUp&#8220; use_custom_fonts_hover_title=&#8220;true&#8220; hover_add_button=&#8220;true&#8220; hover_btn_link=&#8220;url:https%3A%2F%2Fdavo1.de%2Fwp-content%2Fuploads%2F2025%2F08%2FDAVO-56-57.pdf|target:_blank&#8220; hover_custom_background=&#8220;#DC422C&#8220;<\/p>\n<p><a class=\"margin_30 btn\" href=\"https:\/\/davo1.de\/de\/home\/davo-nachrichten\/\" >Weiterlesen<\/a><\/p>\n","protected":false},"author":2,"featured_media":0,"parent":2,"menu_order":2,"comment_status":"closed","ping_status":"closed","template":"","meta":{"footnotes":""},"class_list":["post-106","page","type-page","status-publish","hentry"],"_links":{"self":[{"href":"https:\/\/davo1.de\/de\/wp-json\/wp\/v2\/pages\/106","targetHints":{"allow":["GET"]}}],"collection":[{"href":"https:\/\/davo1.de\/de\/wp-json\/wp\/v2\/pages"}],"about":[{"href":"https:\/\/davo1.de\/de\/wp-json\/wp\/v2\/types\/page"}],"author":[{"embeddable":true,"href":"https:\/\/davo1.de\/de\/wp-json\/wp\/v2\/users\/2"}],"replies":[{"embeddable":true,"href":"https:\/\/davo1.de\/de\/wp-json\/wp\/v2\/comments?post=106"}],"version-history":[{"count":107,"href":"https:\/\/davo1.de\/de\/wp-json\/wp\/v2\/pages\/106\/revisions"}],"predecessor-version":[{"id":1132,"href":"https:\/\/davo1.de\/de\/wp-json\/wp\/v2\/pages\/106\/revisions\/1132"}],"up":[{"embeddable":true,"href":"https:\/\/davo1.de\/de\/wp-json\/wp\/v2\/pages\/2"}],"wp:attachment":[{"href":"https:\/\/davo1.de\/de\/wp-json\/wp\/v2\/media?parent=106"}],"curies":[{"name":"wp","href":"https:\/\/api.w.org\/{rel}","templated":true}]}}