{"id":11,"date":"2012-06-30T01:57:38","date_gmt":"2012-06-29T23:57:38","guid":{"rendered":"http:\/\/davo.wowdesign.de\/?page_id=11"},"modified":"2025-12-04T17:39:02","modified_gmt":"2025-12-04T15:39:02","slug":"uber-die-davo","status":"publish","type":"page","link":"https:\/\/davo1.de\/de\/home\/uber-die-davo\/","title":{"rendered":"\u00dcber uns"},"content":{"rendered":"<div class=\"wpb-content-wrapper\"><p>[vc_row full_width=&#8220;stretch_row&#8220; content_placement=&#8220;middle&#8220; css_animation=&#8220;fadeIn&#8220; css=&#8220;.vc_custom_1762955623294{background-position: center !important;background-repeat: no-repeat !important;background-size: cover !important;}&#8220;][vc_column css_animation=&#8220;fadeIn&#8220;][vc_empty_space height=&#8220;30px&#8220;][\/vc_column][\/vc_row][vc_row][vc_column offset=&#8220;vc_col-lg-12 vc_col-md-11&#8243;][vc_column_text css=&#8220;&#8220;]Die DAVO wurde 1993 als unabh\u00e4ngige, gemeinn\u00fctzige wissenschaftliche Vereinigung gegr\u00fcndet. Ihr Ziel ist es, Forschung und Wissen \u00fcber Nordafrika, den Nahen Osten und Westasien weiterzuentwickeln.<\/p>\n<p>Unsere Mitglieder lehren, forschen und engagieren sich kritisch mit diesen Regionen, ihren Gesellschaften, ihrer Geschichte und ihren Verbindungen zu Europa. Dar\u00fcber hinaus setzt sich die DAVO mit dr\u00e4ngenden Fragen in Deutschland und Europa auseinander \u2013 etwa Antisemitismus, antimuslimischen Ressentiments und Migration.<\/p>\n<p>Die DAVO bietet eine offene Plattform f\u00fcr interdisziplin\u00e4re, internationale und engagierte Wissenschaft. Durch Konferenzen, Arbeitsgruppen und Forschungsinitiativen f\u00f6rdern wir Austausch und Kooperation \u00fcber Fachgrenzen und Kontinente hinweg.<\/p>\n<p>Die DAVO pflegt und f\u00f6rdert den Austausch mit thematisch verwandten Fachgesellschaften wie der <a href=\"https:\/\/www.brismes.ac.uk\/\">British Society for Middle Eastern Studies (BRISMES)<\/a>, der US-amerikanischen <a href=\"https:\/\/mesana.org\/\">Middle East Studies Association (MESA)<\/a> und der italienischen <a href=\"https:\/\/www.sesamoitalia.it\/\">SeSaMO<\/a>.[\/vc_column_text][\/vc_column][\/vc_row]<\/p>\n<\/div>","protected":false},"excerpt":{"rendered":"<p>[vc_row full_width=&#8220;stretch_row&#8220; content_placement=&#8220;middle&#8220; css_animation=&#8220;fadeIn&#8220; css=&#8220;.vc_custom_1762955623294{background-position: center !important;background-repeat: no-repeat !important;background-size: cover !important;}&#8220;][vc_column css_animation=&#8220;fadeIn&#8220;][vc_empty_space height=&#8220;30px&#8220;][\/vc_column][\/vc_row][vc_row][vc_column offset=&#8220;vc_col-lg-12 vc_col-md-11&#8243;][vc_column_text css=&#8220;&#8220;]Die DAVO wurde 1993 als unabh\u00e4ngige, gemeinn\u00fctzige wissenschaftliche Vereinigung gegr\u00fcndet. Ihr Ziel ist es, Forschung und Wissen \u00fcber Nordafrika, den Nahen Osten und Westasien weiterzuentwickeln. Unsere Mitglieder lehren, forschen und engagieren sich kritisch mit diesen Regionen, ihren Gesellschaften, ihrer Geschichte und ihren Verbindungen zu Europa. Dar\u00fcber hinaus setzt sich die DAVO mit dr\u00e4ngenden Fragen in Deutschland und Europa auseinander \u2013 etwa Antisemitismus, antimuslimischen Ressentiments und<\/p>\n<p><a class=\"margin_30 btn\" href=\"https:\/\/davo1.de\/de\/home\/uber-die-davo\/\" >Weiterlesen<\/a><\/p>\n","protected":false},"author":2,"featured_media":0,"parent":2,"menu_order":1,"comment_status":"closed","ping_status":"closed","template":"custom-page.php","meta":{"footnotes":""},"class_list":["post-11","page","type-page","status-publish","hentry"],"_links":{"self":[{"href":"https:\/\/davo1.de\/de\/wp-json\/wp\/v2\/pages\/11","targetHints":{"allow":["GET"]}}],"collection":[{"href":"https:\/\/davo1.de\/de\/wp-json\/wp\/v2\/pages"}],"about":[{"href":"https:\/\/davo1.de\/de\/wp-json\/wp\/v2\/types\/page"}],"author":[{"embeddable":true,"href":"https:\/\/davo1.de\/de\/wp-json\/wp\/v2\/users\/2"}],"replies":[{"embeddable":true,"href":"https:\/\/davo1.de\/de\/wp-json\/wp\/v2\/comments?post=11"}],"version-history":[{"count":122,"href":"https:\/\/davo1.de\/de\/wp-json\/wp\/v2\/pages\/11\/revisions"}],"predecessor-version":[{"id":1098,"href":"https:\/\/davo1.de\/de\/wp-json\/wp\/v2\/pages\/11\/revisions\/1098"}],"up":[{"embeddable":true,"href":"https:\/\/davo1.de\/de\/wp-json\/wp\/v2\/pages\/2"}],"wp:attachment":[{"href":"https:\/\/davo1.de\/de\/wp-json\/wp\/v2\/media?parent=11"}],"curies":[{"name":"wp","href":"https:\/\/api.w.org\/{rel}","templated":true}]}}