{"id":1119,"date":"2025-11-21T10:59:28","date_gmt":"2025-11-21T08:59:28","guid":{"rendered":"https:\/\/davo1.de\/?page_id=1119"},"modified":"2026-02-10T20:14:22","modified_gmt":"2026-02-10T18:14:22","slug":"events","status":"publish","type":"page","link":"https:\/\/davo1.de\/de\/events\/","title":{"rendered":"Events"},"content":{"rendered":"<div class=\"wpb-content-wrapper\"><p>[vc_row][vc_column][vc_column_text css=&#8220;&#8220;]Die DAVO organisiert den j\u00e4hrlich stattfindenden, internationalen DAVO-Kongress. Dar\u00fcber hinaus sind zuk\u00fcnftig weitere Veranstaltungen wie \u00f6ffentliche Vorlesungen von renommierten Wissenschaftlerinnen und Wissenschaftlern geplant.\u00a0 Au\u00dferdem m\u00f6chten wir vereinzelt auf Veranstaltungen verwandter Fachgesellschaften aufmerksam machen.[\/vc_column_text][\/vc_column][\/vc_row][vc_row][vc_column][vc_row_inner gap=&#8220;20&#8243;][vc_column_inner width=&#8220;1\/3&#8243; css=&#8220;.vc_custom_1763043447573{margin-bottom: 30px !important;border-top-width: 1px !important;border-right-width: 1px !important;border-bottom-width: 1px !important;border-left-width: 1px !important;background-color: #F3F3F3 !important;border-left-style: solid !important;border-right-style: solid !important;border-top-style: solid !important;border-bottom-style: solid !important;border-radius: 15px !important;border-color: #8F8E8E !important;}&#8220;][vc_column_text css=&#8220;.vc_custom_1763715507358{margin-bottom: 0px !important;padding-top: 20px !important;padding-right: 20px !important;padding-bottom: 20px !important;padding-left: 20px !important;}&#8220;]<\/p>\n<h3 style=\"text-align: center;\"><a href=\"https:\/\/davo1.de\/home\/kongress\/\">DAVO-Kongress <\/a><\/h3>\n<p>[\/vc_column_text][\/vc_column_inner][vc_column_inner width=&#8220;1\/3&#8243; css=&#8220;.vc_custom_1763043443373{margin-top: 0px !important;margin-bottom: 30px !important;border-top-width: 1px !important;border-right-width: 1px !important;border-bottom-width: 1px !important;border-left-width: 1px !important;background-color: #F3F3F3 !important;border-left-style: solid !important;border-right-style: solid !important;border-top-style: solid !important;border-bottom-style: solid !important;border-radius: 15px !important;border-color: #8F8E8E !important;}&#8220;][vc_column_text css=&#8220;.vc_custom_1770747163153{margin-bottom: 0px !important;padding-top: 20px !important;padding-right: 20px !important;padding-bottom: 20px !important;padding-left: 20px !important;}&#8220;]<\/p>\n<h3 style=\"text-align: center;\">Bevorstehende Veranstaltung<\/h3>\n<h4 class=\"page-title\" style=\"text-align: center;\"><a href=\"https:\/\/davo1.de\/de\/en-upcoming-event-teach-in-on-the-current-situation-of-the-universities-in-rojava-northern-syria-and-the-potentials-of-solidarity\/\" target=\"_blank\" rel=\"noopener\">Lehrveranstaltung zur aktuellen Situation der Universit\u00e4ten in Rojava (Nordsyrien) und den M\u00f6glichkeiten der Solidarit\u00e4t<\/a><\/h4>\n<p>&nbsp;<\/p>\n<p>Wie viele von Ihnen verfolgen auch wir die Entwicklungen in Rojava\/Nord- und Ostsyrien. Um die Situation besser zu verstehen und dem Aufruf zur Unterst\u00fctzung und Solidarit\u00e4t von Dozenten und Studierenden der drei Universit\u00e4ten in Rojava nachzukommen, organisieren wir am 11. Februar um 18:00 Uhr (MEZ) eine Informationsveranstaltung mit Vertretern der Universit\u00e4ten in Rojava via Zoom. <a href=\"https:\/\/davo1.de\/de\/en-upcoming-event-teach-in-on-the-current-situation-of-the-universities-in-rojava-northern-syria-and-the-potentials-of-solidarity\/\" target=\"_blank\" rel=\"noopener\">Weitere Informationen<\/a>[\/vc_column_text][\/vc_column_inner][\/vc_row_inner][\/vc_column][\/vc_row]<\/p>\n<\/div>","protected":false},"excerpt":{"rendered":"<p>[vc_row][vc_column][vc_column_text css=&#8220;&#8220;]Die DAVO organisiert den j\u00e4hrlich stattfindenden, internationalen DAVO-Kongress. Dar\u00fcber hinaus sind zuk\u00fcnftig weitere Veranstaltungen wie \u00f6ffentliche Vorlesungen von renommierten Wissenschaftlerinnen und Wissenschaftlern geplant.\u00a0 Au\u00dferdem m\u00f6chten wir vereinzelt auf Veranstaltungen verwandter Fachgesellschaften aufmerksam machen.[\/vc_column_text][\/vc_column][\/vc_row][vc_row][vc_column][vc_row_inner gap=&#8220;20&#8243;][vc_column_inner width=&#8220;1\/3&#8243; css=&#8220;.vc_custom_1763043447573{margin-bottom: 30px !important;border-top-width: 1px !important;border-right-width: 1px !important;border-bottom-width: 1px !important;border-left-width: 1px !important;background-color: #F3F3F3 !important;border-left-style: solid !important;border-right-style: solid !important;border-top-style: solid !important;border-bottom-style: solid !important;border-radius: 15px !important;border-color: #8F8E8E !important;}&#8220;][vc_column_text css=&#8220;.vc_custom_1763715507358{margin-bottom: 0px !important;padding-top: 20px !important;padding-right: 20px !important;padding-bottom: 20px !important;padding-left: 20px !important;}&#8220;] DAVO-Kongress [\/vc_column_text][\/vc_column_inner][vc_column_inner width=&#8220;1\/3&#8243; css=&#8220;.vc_custom_1763043443373{margin-top: 0px !important;margin-bottom: 30px !important;border-top-width:<\/p>\n<p><a class=\"margin_30 btn\" href=\"https:\/\/davo1.de\/de\/events\/\" >Weiterlesen<\/a><\/p>\n","protected":false},"author":2,"featured_media":0,"parent":0,"menu_order":6,"comment_status":"closed","ping_status":"closed","template":"","meta":{"footnotes":""},"class_list":["post-1119","page","type-page","status-publish","hentry"],"_links":{"self":[{"href":"https:\/\/davo1.de\/de\/wp-json\/wp\/v2\/pages\/1119","targetHints":{"allow":["GET"]}}],"collection":[{"href":"https:\/\/davo1.de\/de\/wp-json\/wp\/v2\/pages"}],"about":[{"href":"https:\/\/davo1.de\/de\/wp-json\/wp\/v2\/types\/page"}],"author":[{"embeddable":true,"href":"https:\/\/davo1.de\/de\/wp-json\/wp\/v2\/users\/2"}],"replies":[{"embeddable":true,"href":"https:\/\/davo1.de\/de\/wp-json\/wp\/v2\/comments?post=1119"}],"version-history":[{"count":9,"href":"https:\/\/davo1.de\/de\/wp-json\/wp\/v2\/pages\/1119\/revisions"}],"predecessor-version":[{"id":1223,"href":"https:\/\/davo1.de\/de\/wp-json\/wp\/v2\/pages\/1119\/revisions\/1223"}],"wp:attachment":[{"href":"https:\/\/davo1.de\/de\/wp-json\/wp\/v2\/media?parent=1119"}],"curies":[{"name":"wp","href":"https:\/\/api.w.org\/{rel}","templated":true}]}}