{"id":1149,"date":"2025-12-03T10:07:58","date_gmt":"2025-12-03T08:07:58","guid":{"rendered":"https:\/\/davo1.de\/?page_id=1149"},"modified":"2026-03-07T20:32:13","modified_gmt":"2026-03-07T18:32:13","slug":"faq","status":"publish","type":"page","link":"https:\/\/davo1.de\/de\/home\/faq\/","title":{"rendered":"FAQ"},"content":{"rendered":"<div class=\"wpb-content-wrapper\"><p>[vc_row][vc_column][vc_column_text css=&#8220;&#8220;]Diese Seite beantwortet h\u00e4ufig gestellte Fragen (Stand: M\u00e4rz 2026).<\/p>\n<p>&nbsp;<\/p>\n<h3>Was ist die DAVO?<\/h3>\n<p>Die Deutsche Arbeitsgemeinschaft Vorderer Orient (DAVO) ist eine unabh\u00e4ngige, gemeinn\u00fctzige und wissenschaftliche Vereinigung, die sich der gegenwartsbezogenen Forschung, Lehre und Dokumentation zu Nordafrika, dem Nahen Osten und Westasien widmet. Die DAVO f\u00f6rdert interdisziplin\u00e4ren Austausch und internationale Zusammenarbeit. Unsere Mitglieder arbeiten in einem breiten Spektrum von Fachrichtungen \u2013 darunter Anthropologie, Arabistik, Geographie, Geschichte, Islamwissenschaft, Israelstudien, Iranistik, Judaistik, Kulturwissenschaften, \u00d6konomie, Osmanistik, Pal\u00e4stina-Studien, Politikwissenschaft und Turkologie sowie verwandte Disziplinen. Dar\u00fcber hinaus besch\u00e4ftigen sie sich mit daran anschlie\u00dfenden Themen wie antimuslimischem Rassismus, Antisemitismus, Migration, gesellschaftlichem Wandel und Wissenschaftsfreiheit in Forschung und Lehre.<\/p>\n<p>&nbsp;<\/p>\n<h3>Wer kann DAVO-Mitglied werden und wie?<\/h3>\n<p>Eine Mitgliedschaft k\u00f6nnen alle Personen und Institutionen beantragen, die die Ziele der Fachgesellschaft unterst\u00fctzen und \u2013 sofern fachlich qualifiziert \u2013 bereit sind, an ihren wissenschaftlichen Aufgaben mitzuwirken. Dazu z\u00e4hlen unter anderem Wissenschaftler:innen, Studierende, Medienvertreter:innen, sowie Mitarbeiter:innen von politischen Stiftungen, Nichtregierungsorganisationen, zivilgesellschaftlichen Einrichtungen und verwandten Bereichen.<\/p>\n<p>Auf der Seite <a href=\"https:\/\/davo1.de\/de\/home\/mitgliedschaft\/\">Mitgliedschaft<\/a> finden Sie n\u00e4here Informationen zur Mitgliedschaft, sowie das Beitrittsformular als Word- und als PDF-Datei.<\/p>\n<p>&nbsp;<\/p>\n<h3>Welche F\u00e4cher sind in der DAVO vertreten?<\/h3>\n<p>Als interdisziplin\u00e4re Fachgesellschaft sind in der DAVO verschiedenste F\u00e4cher mit Bezug zu Nordafrika, dem Nahen Osten und Westasien vertreten, darunter Anthropologie, Arabistik, Geographie, Geschichte, Islamwissenschaft, Israelstudien, Iranistik, Judaistik, Kulturwissenschaften, \u00d6konomie, Osmanistik, Pal\u00e4stina-Studien, Politikwissenschaft und Turkologie.<\/p>\n<p>&nbsp;<\/p>\n<h3>Wann findet die j\u00e4hrliche Mitgliederversammlung statt?<\/h3>\n<p>Mindestens einmal j\u00e4hrlich findet die Mitgliederversammlung (MV) statt. \u00dcblicherweise findet die MV im Rahmen des j\u00e4hrlichen DAVO-Kongresses statt. Seit der MV im September 2025 besteht die M\u00f6glichkeit, Mitgliederversammlungen auch online durchzuf\u00fchren. Alle Mitglieder werden unter Einhaltung einer Frist von zwei Wochen \u00fcber den Termin sowie die Tagesordnung informiert. Jedes Mitglied kann bis sp\u00e4testens eine Woche vor einer Mitgliederversammlung beim Vorstand schriftlich eine Erg\u00e4nzung der Tagesordnung beantragen.<\/p>\n<p>&nbsp;<\/p>\n<h3>Wo finde ich die aktuelle Satzung?<\/h3>\n<p>Die aktuelle Satzung ist auf der Seite <a href=\"https:\/\/davo1.de\/de\/home\/mitgliedschaft\/\">Mitgliedschaft<\/a> verlinkt.<\/p>\n<p>&nbsp;<\/p>\n<h3>Wie kann ich mich \u00fcber die DAVO mit anderen Wissenschaftler:innen vernetzen und mich engagieren?<\/h3>\n<p>DAVO-Mitglieder haben vielf\u00e4ltige M\u00f6glichkeiten, sich zu vernetzen und aktiv mitzuwirken. Sie k\u00f6nnen an Veranstaltungen teilnehmen, sich in Arbeitsgruppen engagieren oder eigene Ideen einbringen. Vorschl\u00e4ge f\u00fcr Workshops, neue Formate, Aktivit\u00e4ten oder Inhalte f\u00fcr die Website k\u00f6nnen jederzeit per E-Mail an <a href=\"mailto:info@davo1.de\">info@davo1.de <\/a>gesendet werden.<\/p>\n<p>&nbsp;<\/p>\n<h3>Wie f\u00f6rdert die DAVO Early Career Researchers?<\/h3>\n<p>Die F\u00f6rderung von Early Career Researchers ist der DAVO ein besonderes Anliegen. Derzeit erfolgt sie insbesondere durch Werkstattgespr\u00e4che im Rahmen des j\u00e4hrlich stattfindenden DAVO-Kongresses sowie durch die Verleihung des Dissertationspreises. Informationen und Bewerbungsfristen werden auf der Website und im Newsletter ver\u00f6ffentlicht.<\/p>\n<p>Early Career Researchers sind zudem eingeladen, ver\u00f6ffentlichte Forschungsbeitr\u00e4ge an <a href=\"mailto:secretariat@davo1.de\">secretariat@davo1.de<\/a> einzusenden, damit sie auf der Start-Seite hervorgehoben werden. Der DAVO-Vorstand m\u00f6chte die Nachwuchsf\u00f6rderung weiter ausbauen. Anregungen f\u00fcr zus\u00e4tzliche Aktivit\u00e4ten oder neue Formate sind sehr willkommen \u2013 bitte senden Sie diese per E-Mail an <a href=\"mailto:info@davo1.de\">info@davo1.de<\/a>.<\/p>\n<p>&nbsp;<\/p>\n<h3>Wie kann ich eigene Forschung auf der DAVO-Website sichtbar machen?<\/h3>\n<p>Alle DAVO-Mitglieder sind dazu eingeladen, ver\u00f6ffentlichte Forschungsbeitr\u00e4ge an <a href=\"mailto:secretariat@davo1.de\">secretariat@davo1.de<\/a> einzusenden, damit sie auf der Start-Seite hervorgehoben werden.<\/p>\n<p>&nbsp;<\/p>\n<h3>Wie positioniert sich die DAVO zu Wissenschaftsfreiheit?<\/h3>\n<p>Die akademische Freiheit ist f\u00fcr DAVO von grundlegender Bedeutung. Die DAVO hat per Mitgliederbeschluss im September 2024 ein Gremium f\u00fcr Wissenschaftsfreiheit (GfW) eingerichtet, dessen Mitglieder erstmals auf der Mitgliederversammlung im September 2025 gew\u00e4hlt wurden. Das Ziel ist es, die akademische Freiheit in Forschung, Studium und Lehre der gegenwartsbezogenen Forschung zu Nordafrika, dem Nahen Osten und Westasien im mehrheitlich deutschsprachigen Raum und \u00fcberall auf der Welt zu beobachten und zu verteidigen. Mehr Informationen zum DAVO-GfW sind unter Paragraph 16 der DAVO-Satzung zu finden sowie auf unserer Website: <a href=\"https:\/\/davo1.de\/de\/home\/gfw\/\">https:\/\/davo1.de\/de\/home\/gfw\/<\/a>. Sie k\u00f6nnen das GfW unter folgender Adresse kontaktieren: <a href=\"mailto:academicfreedom@davo1.de\">academicfreedom@davo1.de. <\/a><\/p>\n<p>&nbsp;<\/p>\n<h3>Warum diskutiert die DAVO \u00fcber eine Namens\u00e4nderung?<\/h3>\n<p>Zahlreiche Mitglieder haben eine Umbenennung der DAVO angeregt, weil die Bezeichnung \u201cVorderer Orient\u201d als veraltet und unpr\u00e4zise gilt. Insbesondere den Bestandteil &#8222;Orient&#8220; sehen viele aufgrund der historisch kolonialen Pr\u00e4gung als problematisch. Eine Namensdiskussion hat unter anderem im Rahmen des Open Spaces auf der Mitgliederversammlung im September 2025 stattgefunden.<\/p>\n<p>Der Vorstand arbeitet derzeit an einem partizipativen Verfahren, das zu einem neuen Namen und K\u00fcrzel f\u00fchren soll. Die Namens\u00e4nderung muss abschlie\u00dfend von der Mitgliederversammlung beschlossen werden.<\/p>\n<p>&nbsp;<\/p>\n<h3>Welche Grunds\u00e4tze leiten das wissenschaftliche und kollegiale Miteinander in der DAVO?<\/h3>\n<p>DAVO-Vorstand und -Beirat erarbeiten derzeit einen Code of Conduct. Darin verpflichtet sich die DAVO, Gleichberechtigung, Diversit\u00e4t, Respekt und Inklusion in allen Aktivit\u00e4ten und Interaktionen zu f\u00f6rdern. Eine inklusive wissenschaftliche Gemeinschaft gilt als entscheidend f\u00fcr offenen intellektuellen Austausch und die Weiterentwicklung von Wissen.<\/p>\n<p>&nbsp;<\/p>\n<h3>Was ist BDS und wie steht die DAVO dazu?<\/h3>\n<p>BDS steht f\u00fcr Boycott, Divestment, and Sanctions. Es handelt sich um eine <a href=\"https:\/\/www.bdsmovement.net\/what-bds\" target=\"_blank\" rel=\"noopener\">gewaltfreie zivilgesellschaftliche Bewegung<\/a>, die politischen und wirtschaftlichen Druck auf Staaten aus\u00fcbt, die gravierend gegen das internationale Recht versto\u00dfen. Aktuell fordert die Bewegung \u2013 darunter PACBI (Palestinian Campaign for the Academic and Cultural Boycott of Israel) \u2013 insbesondere Boykott und Sanktionen gegen\u00fcber dem Staat Israel aufgrund der Illegalit\u00e4t der gesamten israelischen Besatzung von pal\u00e4stinensischem Gebiet, der Verletzung des Verbots von Segregation und Apartheid (Art. 3 UN-Antirassismuskonvention), der Verletzung des Selbstbestimmungsrechts des pal\u00e4stinensischen Volkes und des laufenden V\u00f6lkermords in Gaza (vgl. <a href=\"https:\/\/www.icj-cij.org\/sites\/default\/files\/case-related\/186\/186-20240719-adv-01-00-en.pdf\" target=\"_blank\" rel=\"noopener\">IGH-Gutachten 2024<\/a>, <a href=\"https:\/\/genocidescholars.org\/wp-content\/uploads\/2025\/08\/IAGS-Resolution-on-Gaza-FINAL.pdf\" target=\"_blank\" rel=\"noopener\">International Association of Genocide Scholars Resolution<\/a>, <a href=\"https:\/\/spectrejournal.com\/for-a-cultural-and-academic-boycott-of-the-uae\/?fbclid=PAb21jcAOcTIRleHRuA2FlbQIxMQBzcnRjBmFwcF9pZA81NjcwNjczNDMzNTI0MjcAAafxAgP-DldNiUrWdt7a0_YS5kmmY6v_J5lA2nQ1f7LKqL5KlFuWu-UXkHF-Nw_aem_JXNuQn6gYbShZIk9Ko58hA\" target=\"_blank\" rel=\"noopener\">UN Independent Commission 2025<\/a>). Konkret ist damit zum Beispiel die Forderung verbunden, Kooperationen mit dem Staat Israel oder mit seinen mitverantwortlichen\u00a0Institutionen (z.B. Universit\u00e4ten) auszusetzen und vom Staat Israel gef\u00f6rderte Veranstaltungen und Forschungsprogramme nicht in Anspruch zu nehmen. Es gibt aktuell Boykott-Aufrufe auch gegen andere L\u00e4nder, die gravierend gegen internationales Recht versto\u00dfen, wie die Vereinigte Arabische Emirate (s. <a href=\"https:\/\/spectrejournal.com\/for-a-cultural-and-academic-boycott-of-the-uae\/?fbclid=PAb21jcAOcTIRleHRuA2FlbQIxMQBzcnRjBmFwcF9pZA81NjcwNjczNDMzNTI0MjcAAafxAgP-DldNiUrWdt7a0_YS5kmmY6v_J5lA2nQ1f7LKqL5KlFuWu-UXkHF-Nw_aem_JXNuQn6gYbShZIk9Ko58hA\">hier<\/a>).<\/p>\n<p>Die DAVO hat sich \u2013 im Gegensatz zu internationalen Fachgesellschaften wie der British Middle Eastern Studies Association (BRISMES), der European Association of Social Anthropologists (EASA) oder der Middle East Studies Association (MESA) \u2013 bislang nicht f\u00fcr ein Aussetzen von Kooperationen mit israelischen Institutionen ausgesprochen. Ein solcher Schritt w\u00fcrde einen Beschluss der Mitgliederversammlung erfordern. Die eigenst\u00e4ndige Positionierung von Mitgliedern zu BDS, PACBI oder \u00e4hnlichen Kampagnen (wie etwa der <a href=\"https:\/\/uppsaladeclaration.se\/germany\/\" target=\"_blank\" rel=\"noopener\">deutschen Uppsala-Erkl\u00e4rung<\/a>) ist im Rahmen der grunds\u00e4tzlichen Meinungs- und Wissenschaftsfreiheit garantiert und unabh\u00e4ngig von einem etwaigen Mitgliederbeschluss.[\/vc_column_text][\/vc_column][\/vc_row]<\/p>\n<\/div>","protected":false},"excerpt":{"rendered":"<p>[vc_row][vc_column][vc_column_text css=&#8220;&#8220;]Diese Seite beantwortet h\u00e4ufig gestellte Fragen (Stand: M\u00e4rz 2026). &nbsp; Was ist die DAVO? Die Deutsche Arbeitsgemeinschaft Vorderer Orient (DAVO) ist eine unabh\u00e4ngige, gemeinn\u00fctzige und wissenschaftliche Vereinigung, die sich der gegenwartsbezogenen Forschung, Lehre und Dokumentation zu Nordafrika, dem Nahen Osten und Westasien widmet. Die DAVO f\u00f6rdert interdisziplin\u00e4ren Austausch und internationale Zusammenarbeit. Unsere Mitglieder arbeiten in einem breiten Spektrum von Fachrichtungen \u2013 darunter Anthropologie, Arabistik, Geographie, Geschichte, Islamwissenschaft, Israelstudien, Iranistik, Judaistik, Kulturwissenschaften, \u00d6konomie, Osmanistik, Pal\u00e4stina-Studien, Politikwissenschaft und Turkologie sowie verwandte<\/p>\n<p><a class=\"margin_30 btn\" href=\"https:\/\/davo1.de\/de\/home\/faq\/\" >Weiterlesen<\/a><\/p>\n","protected":false},"author":2,"featured_media":0,"parent":2,"menu_order":15,"comment_status":"closed","ping_status":"closed","template":"","meta":{"footnotes":""},"class_list":["post-1149","page","type-page","status-publish","hentry"],"_links":{"self":[{"href":"https:\/\/davo1.de\/de\/wp-json\/wp\/v2\/pages\/1149","targetHints":{"allow":["GET"]}}],"collection":[{"href":"https:\/\/davo1.de\/de\/wp-json\/wp\/v2\/pages"}],"about":[{"href":"https:\/\/davo1.de\/de\/wp-json\/wp\/v2\/types\/page"}],"author":[{"embeddable":true,"href":"https:\/\/davo1.de\/de\/wp-json\/wp\/v2\/users\/2"}],"replies":[{"embeddable":true,"href":"https:\/\/davo1.de\/de\/wp-json\/wp\/v2\/comments?post=1149"}],"version-history":[{"count":8,"href":"https:\/\/davo1.de\/de\/wp-json\/wp\/v2\/pages\/1149\/revisions"}],"predecessor-version":[{"id":1486,"href":"https:\/\/davo1.de\/de\/wp-json\/wp\/v2\/pages\/1149\/revisions\/1486"}],"up":[{"embeddable":true,"href":"https:\/\/davo1.de\/de\/wp-json\/wp\/v2\/pages\/2"}],"wp:attachment":[{"href":"https:\/\/davo1.de\/de\/wp-json\/wp\/v2\/media?parent=1149"}],"curies":[{"name":"wp","href":"https:\/\/api.w.org\/{rel}","templated":true}]}}