{"id":1157,"date":"2025-12-03T10:17:48","date_gmt":"2025-12-03T08:17:48","guid":{"rendered":"https:\/\/davo1.de\/?page_id=1157"},"modified":"2026-01-30T17:43:33","modified_gmt":"2026-01-30T15:43:33","slug":"en-announcements","status":"publish","type":"page","link":"https:\/\/davo1.de\/de\/home\/en-announcements\/","title":{"rendered":"Ank\u00fcndigungen"},"content":{"rendered":"<div class=\"wpb-content-wrapper\"><p>[vc_row][vc_column][vc_column_text css=&#8220;&#8220;]<\/p>\n<div class=\"gmail_default\">DAVO-Mitglieder sind eingeladen, ihre Stellenanzeigen, Ausschreibungen zu F\u00f6rderungen, Stipendien und Preisen sowie Workshop-Ank\u00fcndigungen auf Deutsch und Englisch an\u00a0<a href=\"https:\/\/davo1.de\/de\/home\/en-announcements\/secretariat@davo1.de\" target=\"_blank\" rel=\"noopener\" data-saferedirecturl=\"https:\/\/www.google.com\/url?q=https:\/\/davo1.de\/de\/home\/en-announcements\/secretariat@davo1.de&amp;source=gmail&amp;ust=1769237831278000&amp;usg=AOvVaw2gXX_R7iJqF6D54cFrPDqu\">secretariat@davo1.de<\/a>\u00a0zu schicken. Diese werden zeitnah auf dieser Seite oder auf der\u00a0jeweiligen Unterseite ver\u00f6ffentlicht.<\/div>\n<p>[\/vc_column_text][\/vc_column][\/vc_row][vc_row][vc_column][vc_column_text css=&#8220;&#8220;]<\/p>\n<h2><a href=\"https:\/\/davo1.de\/de\/home\/en-announcements\/?preview_id=1157&amp;preview_nonce=1990033a26&amp;_thumbnail_id=-1&amp;preview=true\" target=\"_blank\" rel=\"noopener\">Workshops, Seminare und andere Veranstaltungen<\/a><\/h2>\n<h3 data-start=\"69\" data-end=\"115\">Call for Papers: Wein im Nahen Osten und Nordafrika: Bilder, Orte, M\u00e4rkte und Marken einer umstrittenen Ware (M\u00e4rz 2027)<\/h3>\n<p>Der Workshop findet von Montag, 15. M\u00e4rz, bis Mittwoch, 17. M\u00e4rz 2027, an der\u00a0<a href=\"https:\/\/www.geschkult.fu-berlin.de\/e\/islamwiss\/aktuelles\/2027_Call-Workshop-Wine-in-the-Middle-East-and-North-Africa.html\" target=\"_blank\" rel=\"noopener\">Freien Universit\u00e4t Berlin<\/a>\u00a0statt.<\/p>\n<p>Die Produktion, der Verkauf und der Konsum von Wein sind im Nahen Osten und Nordafrika (MENA) ein facettenreiches und vieldeutiges Ph\u00e4nomen. Die regionale Weinindustrie wird von der \u00d6ffentlichkeit oft \u00fcbersehen, da man von einem islamischen Charakter der Region und einer ablehnenden Haltung gegen\u00fcber Alkohol ausgeht. Selbst in der Wissenschaft wird sie h\u00e4ufiger \u00fcbersehen als andere Bereiche der Weinforschung. Dabei handelt es sich um ein uraltes Gewerbe, dessen Geschichte bis in die Antike zur\u00fcckreicht, als die Region die Wiege des Weinbaus war. Unter islamischer Herrschaft wurde es trotz einiger H\u00f6hen und Tiefen fortgef\u00fchrt und erlebte in der Kolonialzeit einen neuen Aufschwung. Gleichzeitig ist Wein seit langem ein umstrittenes Gut, wobei widerspr\u00fcchliche religi\u00f6se und rechtliche Meinungen im Kontrast zu den Lobeshymnen auf seine Gen\u00fcsse in visuellen und textlichen Darstellungen stehen.<\/p>\n<p>Die Bewerbungsfrist endet am 30. M\u00e4rz 2026.\u00a0<a href=\"https:\/\/www.ku.de\/die-ku\/fakultaeten\/die-ku\/fakultaeten\/mgf\/geographie\/humangeographie\/aktuelles\/veranstaltungen\/workshop-wine-in-the-middle-east-and-north-africa\" target=\"_blank\" rel=\"noopener\">Weitere Informationen<\/a><\/p>\n<h3 data-start=\"69\" data-end=\"115\">Einw\u00f6chiger Kurs zum Lesen von Chagatai-Manuskripten an der Universit\u00e4t M\u00fcnster im Juni 2026.<\/h3>\n<p>Professor Philip Bockholt (M\u00fcnster) und Prof. Jeanine Da\u011fyeli (Wien) organisieren im Juni 2026 einen einw\u00f6chigen Pr\u00e4senzkurs zum Lesen von Chagatai-Manuskripten an der Universit\u00e4t M\u00fcnster.<\/p>\n<p>Die Bewerbungsfrist endet am 13. Februar 2026.\u00a0<a href=\"https:\/\/davo1.de\/wp-content\/uploads\/2026\/01\/Chagatai-Manuscripts-Reading-Course-2026.pdf\" target=\"_blank\" rel=\"noopener\">Weitere Informationen<\/a>[\/vc_column_text][\/vc_column][\/vc_row][vc_row][vc_column][vc_column_text css=&#8220;&#8220;]<\/p>\n<h3>Weitere Ank\u00fcndigungen finden Sie hier:<\/h3>\n<h3><a href=\"https:\/\/davo1.de\/de\/home\/en-announcements\/stellenanzeigen\/\" target=\"_blank\" rel=\"noopener\">Stellenanzeigen<\/a><\/h3>\n<h3><a href=\"https:\/\/davo1.de\/de\/home\/en-announcements\/en-grants-fellowship\/\" target=\"_blank\" rel=\"noopener\">F\u00f6rderungen, Stipendien, &amp; Preise<\/a><\/h3>\n<p>[\/vc_column_text][\/vc_column][\/vc_row]<\/p>\n<\/div>","protected":false},"excerpt":{"rendered":"<p>[vc_row][vc_column][vc_column_text css=&#8220;&#8220;] DAVO-Mitglieder sind eingeladen, ihre Stellenanzeigen, Ausschreibungen zu F\u00f6rderungen, Stipendien und Preisen sowie Workshop-Ank\u00fcndigungen auf Deutsch und Englisch an\u00a0secretariat@davo1.de\u00a0zu schicken. Diese werden zeitnah auf dieser Seite oder auf der\u00a0jeweiligen Unterseite ver\u00f6ffentlicht. [\/vc_column_text][\/vc_column][\/vc_row][vc_row][vc_column][vc_column_text css=&#8220;&#8220;] Workshops, Seminare und andere Veranstaltungen Call for Papers: Wein im Nahen Osten und Nordafrika: Bilder, Orte, M\u00e4rkte und Marken einer umstrittenen Ware (M\u00e4rz 2027) Der Workshop findet von Montag, 15. M\u00e4rz, bis Mittwoch, 17. M\u00e4rz 2027, an der\u00a0Freien Universit\u00e4t Berlin\u00a0statt. Die Produktion, der Verkauf und der<\/p>\n<p><a class=\"margin_30 btn\" href=\"https:\/\/davo1.de\/de\/home\/en-announcements\/\" >Weiterlesen<\/a><\/p>\n","protected":false},"author":2,"featured_media":0,"parent":2,"menu_order":9,"comment_status":"closed","ping_status":"closed","template":"","meta":{"footnotes":""},"class_list":["post-1157","page","type-page","status-publish","hentry"],"_links":{"self":[{"href":"https:\/\/davo1.de\/de\/wp-json\/wp\/v2\/pages\/1157","targetHints":{"allow":["GET"]}}],"collection":[{"href":"https:\/\/davo1.de\/de\/wp-json\/wp\/v2\/pages"}],"about":[{"href":"https:\/\/davo1.de\/de\/wp-json\/wp\/v2\/types\/page"}],"author":[{"embeddable":true,"href":"https:\/\/davo1.de\/de\/wp-json\/wp\/v2\/users\/2"}],"replies":[{"embeddable":true,"href":"https:\/\/davo1.de\/de\/wp-json\/wp\/v2\/comments?post=1157"}],"version-history":[{"count":21,"href":"https:\/\/davo1.de\/de\/wp-json\/wp\/v2\/pages\/1157\/revisions"}],"predecessor-version":[{"id":1383,"href":"https:\/\/davo1.de\/de\/wp-json\/wp\/v2\/pages\/1157\/revisions\/1383"}],"up":[{"embeddable":true,"href":"https:\/\/davo1.de\/de\/wp-json\/wp\/v2\/pages\/2"}],"wp:attachment":[{"href":"https:\/\/davo1.de\/de\/wp-json\/wp\/v2\/media?parent=1157"}],"curies":[{"name":"wp","href":"https:\/\/api.w.org\/{rel}","templated":true}]}}