{"id":1161,"date":"2025-12-03T10:18:38","date_gmt":"2025-12-03T08:18:38","guid":{"rendered":"https:\/\/davo1.de\/?page_id=1161"},"modified":"2026-04-01T09:57:26","modified_gmt":"2026-04-01T07:57:26","slug":"stellenanzeigen","status":"publish","type":"page","link":"https:\/\/davo1.de\/de\/home\/en-announcements\/stellenanzeigen\/","title":{"rendered":"Stellenanzeigen"},"content":{"rendered":"<p><\/p>\n<h3 class=\"title\">Chefredakteur\/in des Journal of Persianate Studies<\/h3>\n<p class=\"font-size-large ng-binding\">Die Association for the Study of Persianate Societies (ASPS) sucht eine\/n neue\/n Chefredakteur\/in f\u00fcr ihre f\u00fchrende Zeitschrift, das \u201eJournal for Persianate Studies\u201c. Diese multidisziplin\u00e4re, von Fachkollegen begutachtete Zeitschrift widmet sich der Erforschung aller Aspekte der persischen Welt von der vorislamischen Zeit bis zur Gegenwart. Als offizielle Publikation der Association for the Study of Persianate Societies dient sie seit 2008 als f\u00fchrendes Forum f\u00fcr den Austausch von Ideen und die F\u00f6rderung disziplin\u00e4rer und interdisziplin\u00e4rer Forschung im Bereich der Persischen Studien. <span class=\"fontstyle2\"><a href=\"https:\/\/www.persianatesocieties.org\/job-posting-editor-in-chief-of-the-journal-of-persianate-studies\/\" target=\"_blank\" rel=\"noopener\">Weitere Informationen<\/a><\/span><\/p>\n<p>&nbsp;<\/p>\n<h3 class=\"title\">Post-Doc mit Fokus auf S\u00fcd(ost) Asien<\/h3>\n<p class=\"title\">(Gehaltsstufe TVL 13\/75 %)<\/p>\n<p>Das Arnold Bergstraesser Institut Freiburg (Deutschland) sucht einen Postdoktoranden. Themenbereich: Konflikt oder Governance oder Migration. Regionaler Schwerpunkt: S\u00fcdasien\/S\u00fcdostasien. Der oder die erfolgreiche Bewerber*in wird f\u00fcr einen Zeitraum von zwei Jahren eingestellt und beginnt voraussichtlich am 1. April 2026. <span class=\"fontstyle2\"><a href=\"https:\/\/www.arnold-bergstraesser.de\/news\/stellenausschreibung-post-doc-tvl-1375-mit-fokus-auf-suedost-asien\" target=\"_blank\" rel=\"noopener\">Weitere Informationen<\/a><\/span><\/p>\n<p>&nbsp;<\/p>","protected":false},"excerpt":{"rendered":"<p>Chefredakteur\/in des Journal of Persianate Studies Die Association for the Study of Persianate Societies (ASPS) sucht eine\/n neue\/n Chefredakteur\/in f\u00fcr ihre f\u00fchrende Zeitschrift, das \u201eJournal for Persianate Studies\u201c. Diese multidisziplin\u00e4re, von Fachkollegen begutachtete Zeitschrift widmet sich der Erforschung aller Aspekte der persischen Welt von der vorislamischen Zeit bis zur Gegenwart. Als offizielle Publikation der Association for the Study of Persianate Societies dient sie seit 2008 als f\u00fchrendes Forum f\u00fcr den Austausch von Ideen und die F\u00f6rderung disziplin\u00e4rer und interdisziplin\u00e4rer Forschung<\/p>\n<p><a class=\"margin_30 btn\" href=\"https:\/\/davo1.de\/de\/home\/en-announcements\/stellenanzeigen\/\" >Weiterlesen<\/a><\/p>\n","protected":false},"author":2,"featured_media":0,"parent":1157,"menu_order":0,"comment_status":"closed","ping_status":"closed","template":"","meta":{"footnotes":""},"class_list":["post-1161","page","type-page","status-publish","hentry"],"_links":{"self":[{"href":"https:\/\/davo1.de\/de\/wp-json\/wp\/v2\/pages\/1161","targetHints":{"allow":["GET"]}}],"collection":[{"href":"https:\/\/davo1.de\/de\/wp-json\/wp\/v2\/pages"}],"about":[{"href":"https:\/\/davo1.de\/de\/wp-json\/wp\/v2\/types\/page"}],"author":[{"embeddable":true,"href":"https:\/\/davo1.de\/de\/wp-json\/wp\/v2\/users\/2"}],"replies":[{"embeddable":true,"href":"https:\/\/davo1.de\/de\/wp-json\/wp\/v2\/comments?post=1161"}],"version-history":[{"count":26,"href":"https:\/\/davo1.de\/de\/wp-json\/wp\/v2\/pages\/1161\/revisions"}],"predecessor-version":[{"id":1498,"href":"https:\/\/davo1.de\/de\/wp-json\/wp\/v2\/pages\/1161\/revisions\/1498"}],"up":[{"embeddable":true,"href":"https:\/\/davo1.de\/de\/wp-json\/wp\/v2\/pages\/1157"}],"wp:attachment":[{"href":"https:\/\/davo1.de\/de\/wp-json\/wp\/v2\/media?parent=1161"}],"curies":[{"name":"wp","href":"https:\/\/api.w.org\/{rel}","templated":true}]}}