{"id":1164,"date":"2025-12-03T10:19:00","date_gmt":"2025-12-03T08:19:00","guid":{"rendered":"https:\/\/davo1.de\/?page_id=1164"},"modified":"2026-03-27T10:56:58","modified_gmt":"2026-03-27T08:56:58","slug":"en-grants-fellowship","status":"publish","type":"page","link":"https:\/\/davo1.de\/de\/home\/en-announcements\/en-grants-fellowship\/","title":{"rendered":"F\u00f6rderungen, Stipendien, &#038; Preise"},"content":{"rendered":"<div class=\"wpb-content-wrapper\"><p>[vc_row][vc_column][vc_column_text css=&#8220;&#8220;]<\/p>\n<h3 data-start=\"69\" data-end=\"115\"><span class=\"fontstyle0\">Die Deutsche Arbeitsgemeinschaft Vorderer Orient f\u00fcr gegenwartsbezogene Forschung und Dokumentation e.V. (DAVO) schreibt hiermit den <strong>DAVO-Dissertationspreis 2026<\/strong><\/span><\/h3>\n<p>Ausgezeichnet werden die besten deutsch- oder englischsprachigen Dissertationen im Bereich der gegenwartsbezogenen Forschung mit Bezug zu Nordafrika, dem Nahen\/Mittleren Osten und Westasien. Ber\u00fccksichtigt werden Dissertationen, die im Jahr 2025 von aktuellen DAVO-Mitgliedern an ihren Universit\u00e4ten eingereicht wurden.<\/p>\n<p>Der Preis ist mit\u00a0<strong>3.000 Euro<\/strong>\u00a0dotiert und kann auf mehrere Preistr\u00e4gerinnen und Preistr\u00e4ger aufgeteilt werden.<\/p>\n<p>Eine Bewerbung kann sowohl eigenst\u00e4ndig erfolgen als auch durch Vorschlag von Hochschullehrerinnen und Hochschullehrern der jeweiligen Disziplin.<span class=\"fontstyle0\"> <a href=\"https:\/\/davo1.de\/de\/en-the-german-middle-east-studies-association-davo-hereby-announces-the-davo-dissertation-award-2026-and-invites-applications\/\" target=\"_blank\" rel=\"noopener\">Weitere Informationen<\/a><\/span><\/p>\n<h3 data-start=\"69\" data-end=\"115\"><span class=\"fontstyle0\">Die Gesellschaft f\u00fcr Arabisches und Islamisches Recht (GAIR) lobt zum 4. Mal den GAIR-Dissertationspreis aus<\/span><\/h3>\n<p><span class=\"fontstyle0\">Die Gesellschaft f\u00fcr Arabisches und Islamisches Recht (GAIR) lobt zum 4. Mal den GAIR-Dissertationspreis aus. Hiermit soll erneut eine Arbeit im Bereich des islamischen Rechts bzw. des Rechts in den arabischen bzw. islamisch gepr\u00e4gten Staaten gew\u00fcrdigt werden. <\/span><span class=\"fontstyle0\">Der Preis ist mit 500,- \u20ac dotiert. Die Dissertation soll in den Jahren 2023\u20132025 mit mindestens \u201emagna cum laude\u201c bewertet worden sein. Nominierungen k\u00f6nnen von Hochschullehrer:innen (Professor:innen, Privatdozent:innen, Wissenschaftler:innen mit Betreuungsrecht und Rechtspraktikern mit einschl\u00e4giger Expertise) eingereicht werden. Selbstnominierungen sind nicht m\u00f6glich. <a href=\"https:\/\/davo1.de\/wp-content\/uploads\/2026\/03\/Ausschreibung-Dissertationspreis-GAIR-2023-2025.pdf\" target=\"_blank\" rel=\"noopener\">Weitere Informationen<\/a><\/span><\/p>\n<h3 data-start=\"69\" data-end=\"115\">Ausschreibung: Das neue K\u00e4te Hamburger Kolleg \u201eRohstoffwelten \u2013 Kulturen im Umbruch\u201c nimmt ab sofort Bewerbungen f\u00fcr Stipendien entgegen<\/h3>\n<p>Seit \u00fcber f\u00fcnfzig Jahren wissen wir, dass fossile Lebensweisen nicht fortgesetzt werden k\u00f6nnen. Der globale Wandel hin zur Dekarbonisierung ist jedoch nicht nur eine technologische Substitution von \u00d6l durch Lithium, Kohle durch Wasserstoff und Verbrennungsmotoren durch Batterien. Es handelt sich um einen tiefgreifenden zivilisatorischen Wandel, eine neue Sattelzeit im Sinne von Reinhart Koselleck, die die Art und Weise, wie Gesellschaften Rohstoffe denken, produzieren, zirkulieren lassen und mit ihnen leben, neu gestaltet. Das K\u00e4te Hamburger Kolleg \u201eRohstoffwelten \u2013 Kulturen im Umbruch\u201c nimmt diesen epochalen Wandel zum Ausgangspunkt. Das vom Bundesministerium f\u00fcr Forschung, Technologie und Raumfahrt (BMFTR) gef\u00f6rderte K\u00e4te Hamburger Kolleg ist als internationales und interdisziplin\u00e4res Forschungszentrum konzipiert, das sich den kulturellen, politischen und sozialen Dimensionen globaler materieller Transformationen widmet. <a href=\"https:\/\/www.uni-kassel.de\/forschung\/rohstoffwelten-kulturen-im-umbruch.html\" target=\"_blank\" rel=\"noopener\">Weitere Informationen<\/a><\/p>\n<h3><\/h3>\n<p>[\/vc_column_text][\/vc_column][\/vc_row]<\/p>\n<\/div>","protected":false},"excerpt":{"rendered":"<p>[vc_row][vc_column][vc_column_text css=&#8220;&#8220;] Die Deutsche Arbeitsgemeinschaft Vorderer Orient f\u00fcr gegenwartsbezogene Forschung und Dokumentation e.V. (DAVO) schreibt hiermit den DAVO-Dissertationspreis 2026 Ausgezeichnet werden die besten deutsch- oder englischsprachigen Dissertationen im Bereich der gegenwartsbezogenen Forschung mit Bezug zu Nordafrika, dem Nahen\/Mittleren Osten und Westasien. Ber\u00fccksichtigt werden Dissertationen, die im Jahr 2025 von aktuellen DAVO-Mitgliedern an ihren Universit\u00e4ten eingereicht wurden. Der Preis ist mit\u00a03.000 Euro\u00a0dotiert und kann auf mehrere Preistr\u00e4gerinnen und Preistr\u00e4ger aufgeteilt werden. Eine Bewerbung kann sowohl eigenst\u00e4ndig erfolgen als auch durch Vorschlag<\/p>\n<p><a class=\"margin_30 btn\" href=\"https:\/\/davo1.de\/de\/home\/en-announcements\/en-grants-fellowship\/\" >Weiterlesen<\/a><\/p>\n","protected":false},"author":2,"featured_media":0,"parent":1157,"menu_order":0,"comment_status":"closed","ping_status":"closed","template":"","meta":{"footnotes":""},"class_list":["post-1164","page","type-page","status-publish","hentry"],"_links":{"self":[{"href":"https:\/\/davo1.de\/de\/wp-json\/wp\/v2\/pages\/1164","targetHints":{"allow":["GET"]}}],"collection":[{"href":"https:\/\/davo1.de\/de\/wp-json\/wp\/v2\/pages"}],"about":[{"href":"https:\/\/davo1.de\/de\/wp-json\/wp\/v2\/types\/page"}],"author":[{"embeddable":true,"href":"https:\/\/davo1.de\/de\/wp-json\/wp\/v2\/users\/2"}],"replies":[{"embeddable":true,"href":"https:\/\/davo1.de\/de\/wp-json\/wp\/v2\/comments?post=1164"}],"version-history":[{"count":31,"href":"https:\/\/davo1.de\/de\/wp-json\/wp\/v2\/pages\/1164\/revisions"}],"predecessor-version":[{"id":1530,"href":"https:\/\/davo1.de\/de\/wp-json\/wp\/v2\/pages\/1164\/revisions\/1530"}],"up":[{"embeddable":true,"href":"https:\/\/davo1.de\/de\/wp-json\/wp\/v2\/pages\/1157"}],"wp:attachment":[{"href":"https:\/\/davo1.de\/de\/wp-json\/wp\/v2\/media?parent=1164"}],"curies":[{"name":"wp","href":"https:\/\/api.w.org\/{rel}","templated":true}]}}