{"id":1180,"date":"2025-12-03T12:00:11","date_gmt":"2025-12-03T10:00:11","guid":{"rendered":"https:\/\/davo1.de\/?page_id=1180"},"modified":"2026-02-01T18:17:48","modified_gmt":"2026-02-01T16:17:48","slug":"en-featured-research","status":"publish","type":"page","link":"https:\/\/davo1.de\/de\/home\/en-featured-research\/","title":{"rendered":"Ausgew\u00e4hlte Forschung von DAVO-Mitgliedern"},"content":{"rendered":"<div class=\"wpb-content-wrapper\"><p>[vc_row][vc_column][vc_column_text css=&#8220;&#8220;]<em>DAVO-Mitglieder sind herzlich eingeladen, ihre neu ver\u00f6ffentlichten wissenschaftlichen Artikel mit dem Betreff \u201eNeueste wissenschaftliche Publikation\u201c an\u00a0<a href=\"mailto:secretariat@davo1.de\" target=\"_blank\" rel=\"noopener\">secretariat@davo1.de<\/a> zu senden. Ab Januar 2026 werden die eingereichten Forschungsaufs\u00e4tze stets zu Monatsbeginn auf der Startseite bzw. hier ver\u00f6ffentlicht. Bereits jetzt finden Sie eine kleine Auswahl erster Beitr\u00e4ge als Beispiel.<\/em><\/p>\n<p>&nbsp;<\/p>\n<hr \/>\n<p>Bruckmayr, P. (2025). The long shadow of Malay <em>kitab jawi<\/em> publishing in the Hejaz and Cairo. Oriente Moderno, 105(1\u20132), 33\u201369.<\/p>\n<p><a href=\"https:\/\/doi.org\/10.1163\/22138617-12340366\" target=\"_blank\" rel=\"noopener\">Mehr erfahren &gt;<\/a><\/p>\n<hr \/>\n<p>Gatt, K., &amp; Stock, K. (2025). Words of influence: Strategies in contemporary Arabic political speeches. Malta University Press.<\/p>\n<p><a href=\"https:\/\/www.um.edu.mt\/mup\/store\/product\/words-of-influence-strategies-in-contemporary-arabic-political-speeches\/\" target=\"_blank\" rel=\"noopener\">Mehr erfahren &gt;<\/a><\/p>\n<hr \/>\n<p>Gozalova, N. R. (2025). Russian diplomatic representatives in the Afshars\u2019 state. Historia i \u015awiat<em>, 14<\/em>, 231\u2013242.<\/p>\n<p><a href=\"https:\/\/doi.org\/10.34739\/his.2025.14.14\" target=\"_blank\" rel=\"noopener\">Mehr erfahren &gt;<\/a><\/p>\n<hr \/>\n<p>G\u00fcltekin, A. K. (2025). The reflections of Raa Haqi cosmology in Dersim folk tales. <em>Religions,<\/em><em> 16<\/em>(10), 1274.<\/p>\n<p><a href=\"https:\/\/doi.org\/10.3390\/rel16101274\" target=\"_blank\" rel=\"noopener\">Mehr erfahren &gt;<\/a><\/p>\n<hr \/>\n<p>\u0130lhan, F. M. (2025). Aidiyet ve kimlik aray\u0131\u015f\u0131: Almanya\u2019da bir post-Osmanl\u0131\u2019n\u0131n h\u00e2l terc\u00fcmesinden<em> (<\/em>Suche nach Identit\u00e4t und Zugeh\u00f6rigkeit: Aus der Autobiographie eines Post-Osmanen in Deutschland). In Y. E. Tekinsoy &amp; M. Hanil\u00e7e (Eds.), S\u0131n\u0131rlar\u0131 a\u015fan Osmanl\u0131lar (pp. 11\u201318). Selenge Yay\u0131nlar\u0131.<\/p>\n<hr \/>\n<p>Els\u00e4sser, S. (2025). A wave of unbelief? Conservative Muslims and the challenge of il\u1e25\u0101d in the post-2013 Arab world. Religions, 16(6), 670.<\/p>\n<p><a href=\"https:\/\/doi.org\/10.3390\/rel16060670\" target=\"_blank\" rel=\"noopener\">Mehr erfahren &gt;<\/a><\/p>\n<hr \/>\n<p>Mitwalli, S., Shakhshir, L., Taweel, H., Hammoudeh, W., Kienzler, H., &amp; Giacaman, R. (2025). Participatory action research in partnership with young people with disability: A case from the Israeli-occupied Palestinian territory (oPt). Disability &amp; Society, 40(1), 1\u201322.<\/p>\n<p><a href=\"https:\/\/doi.org\/10.1080\/09687599.2025.2466473\" target=\"_blank\" rel=\"noopener\">Mehr erfahren &gt;<\/a><\/p>\n<hr \/>\n<p>Riecken, N. (2025). Putting secularism\u2019s teleology in its place: Abdallah Laroui on time and democracy. Democratic Theory, 12(2), 17\u201340.<\/p>\n<p><a href=\"https:\/\/doi.org\/10.3167\/dt.2025.120202\" target=\"_blank\" rel=\"noopener\">Mehr erfahren &gt;<\/a><\/p>\n<hr \/>\n<p>Al\u2011Taher, H. (2024). Deutsche Staatsr\u00e4son und die Verunm\u00f6glichung pal\u00e4stinensischer Realit\u00e4t. PERIPHERIE \u2013 Politik \u00b7 \u00d6konomie \u00b7 Kultur, 44(2), 250\u2013259.<\/p>\n<p><a href=\"https:\/\/doi.org\/10.3224\/peripherie.v44i2.08\">Mehr erfahren &gt;<\/a><\/p>\n<hr \/>\n<p>Bank, A., Valbjorn, M., &amp; Darwich, M. (2024). Forward to the past? Regional repercussions of the Gaza War. Middle East Policy, 31(3), 3\u201317.<\/p>\n<p><a href=\"https:\/\/doi.org\/10.1111\/mepo.12758\">Mehr erfahren &gt;<\/a><\/p>\n<hr \/>\n<p>Kinzelbach, K., Saliba, I., &amp;\u202fSpannagel, J. (2021). Global data on the freedom indispensable for scientific research: Towards a reconciliation of academic reputation and academic freedom. The International Journal of Human Rights, 26(10), 1723\u20131740.<\/p>\n<p><a href=\"https:\/\/doi.org\/10.1080\/13642987.2021.1998000\">Mehr erfahren &gt;<\/a>[\/vc_column_text][\/vc_column][\/vc_row]<\/p>\n<\/div>","protected":false},"excerpt":{"rendered":"<p>[vc_row][vc_column][vc_column_text css=&#8220;&#8220;]DAVO-Mitglieder sind herzlich eingeladen, ihre neu ver\u00f6ffentlichten wissenschaftlichen Artikel mit dem Betreff \u201eNeueste wissenschaftliche Publikation\u201c an\u00a0secretariat@davo1.de zu senden. Ab Januar 2026 werden die eingereichten Forschungsaufs\u00e4tze stets zu Monatsbeginn auf der Startseite bzw. hier ver\u00f6ffentlicht. Bereits jetzt finden Sie eine kleine Auswahl erster Beitr\u00e4ge als Beispiel. &nbsp; Bruckmayr, P. (2025). The long shadow of Malay kitab jawi publishing in the Hejaz and Cairo. Oriente Moderno, 105(1\u20132), 33\u201369. Mehr erfahren &gt; Gatt, K., &amp; Stock, K. (2025). Words of influence: Strategies<\/p>\n<p><a class=\"margin_30 btn\" href=\"https:\/\/davo1.de\/de\/home\/en-featured-research\/\" >Weiterlesen<\/a><\/p>\n","protected":false},"author":2,"featured_media":0,"parent":2,"menu_order":0,"comment_status":"closed","ping_status":"closed","template":"","meta":{"footnotes":""},"class_list":["post-1180","page","type-page","status-publish","hentry"],"_links":{"self":[{"href":"https:\/\/davo1.de\/de\/wp-json\/wp\/v2\/pages\/1180","targetHints":{"allow":["GET"]}}],"collection":[{"href":"https:\/\/davo1.de\/de\/wp-json\/wp\/v2\/pages"}],"about":[{"href":"https:\/\/davo1.de\/de\/wp-json\/wp\/v2\/types\/page"}],"author":[{"embeddable":true,"href":"https:\/\/davo1.de\/de\/wp-json\/wp\/v2\/users\/2"}],"replies":[{"embeddable":true,"href":"https:\/\/davo1.de\/de\/wp-json\/wp\/v2\/comments?post=1180"}],"version-history":[{"count":15,"href":"https:\/\/davo1.de\/de\/wp-json\/wp\/v2\/pages\/1180\/revisions"}],"predecessor-version":[{"id":1391,"href":"https:\/\/davo1.de\/de\/wp-json\/wp\/v2\/pages\/1180\/revisions\/1391"}],"up":[{"embeddable":true,"href":"https:\/\/davo1.de\/de\/wp-json\/wp\/v2\/pages\/2"}],"wp:attachment":[{"href":"https:\/\/davo1.de\/de\/wp-json\/wp\/v2\/media?parent=1180"}],"curies":[{"name":"wp","href":"https:\/\/api.w.org\/{rel}","templated":true}]}}