{"id":16,"date":"2012-06-30T02:14:47","date_gmt":"2012-06-30T00:14:47","guid":{"rendered":"http:\/\/davo.wowdesign.de\/?page_id=16"},"modified":"2026-04-10T19:53:20","modified_gmt":"2026-04-10T17:53:20","slug":"mitgliedschaft","status":"publish","type":"page","link":"https:\/\/davo1.de\/de\/home\/mitgliedschaft\/","title":{"rendered":"Mitgliedschaft"},"content":{"rendered":"<div class=\"wpb-content-wrapper\"><p>[vc_row full_width=&#8220;stretch_row&#8220; content_placement=&#8220;middle&#8220; css_animation=&#8220;fadeIn&#8220; css=&#8220;.vc_custom_1762958775966{background-position: center !important;background-repeat: no-repeat !important;background-size: cover !important;}&#8220;][vc_column css_animation=&#8220;fadeIn&#8220;][vc_empty_space height=&#8220;50px&#8220;][\/vc_column][\/vc_row][vc_row css=&#8220;.vc_custom_1572963374561{padding-top: 25px !important;}&#8220;][vc_column][vc_column_text css=&#8220;&#8220;]Um Teil unserer Gemeinschaft von interdisziplin\u00e4ren Wissenschaftler*innen zu werden, die sich mit Leidenschaft daf\u00fcr einsetzen, Forschung sowie das Wissen \u00fcber Nordafrika, den Nahen Osten und Westasien voranzubringen, f\u00fcllen Sie bitte eines der folgenden Formulare aus:<\/p>\n<ul>\n<li><a href=\"https:\/\/davo1.de\/wp-content\/uploads\/2025\/11\/DAVO-Beitrittserklaerung-2025-11-24-DE.docx\">Beitrittserkl\u00e4rung<\/a>\u00a0(Word)<\/li>\n<li><a href=\"https:\/\/davo1.de\/wp-content\/uploads\/2025\/11\/DAVO-Beitrittserklaerung-2025-11-24-DE.pdf\">Beitrittserkl\u00e4rung<\/a>\u00a0(PDF)<\/li>\n<\/ul>\n<p>Senden Sie bitte anschlie\u00dfend das ausgef\u00fcllte Formular an das DAVO-Sekretariat unter\u00a0<a href=\"mailto:info@davo1.de\">info@davo1.de<\/a>.<\/p>\n<p>Der Mitgliedsbeitrag betr\u00e4gt\u00a0<strong>30 Euro pro Jahr<\/strong> (10 Euro f\u00fcr Studierende und Personen mit reduziertem Einkommen). Der Austritt kann nur zum Ende eines Gesch\u00e4ftsjahres erkl\u00e4rt werden, wobei eine K\u00fcndigungsfrist von zwei Monaten einzuhalten ist.[\/vc_column_text][vc_column_text css=&#8220;&#8220;][\/vc_column_text][\/vc_column][\/vc_row]<\/p>\n<\/div>","protected":false},"excerpt":{"rendered":"<p>[vc_row full_width=&#8220;stretch_row&#8220; content_placement=&#8220;middle&#8220; css_animation=&#8220;fadeIn&#8220; css=&#8220;.vc_custom_1762958775966{background-position: center !important;background-repeat: no-repeat !important;background-size: cover !important;}&#8220;][vc_column css_animation=&#8220;fadeIn&#8220;][vc_empty_space height=&#8220;50px&#8220;][\/vc_column][\/vc_row][vc_row css=&#8220;.vc_custom_1572963374561{padding-top: 25px !important;}&#8220;][vc_column][vc_column_text css=&#8220;&#8220;]Um Teil unserer Gemeinschaft von interdisziplin\u00e4ren Wissenschaftler*innen zu werden, die sich mit Leidenschaft daf\u00fcr einsetzen, Forschung sowie das Wissen \u00fcber Nordafrika, den Nahen Osten und Westasien voranzubringen, f\u00fcllen Sie bitte eines der folgenden Formulare aus: Beitrittserkl\u00e4rung\u00a0(Word) Beitrittserkl\u00e4rung\u00a0(PDF) Senden Sie bitte anschlie\u00dfend das ausgef\u00fcllte Formular an das DAVO-Sekretariat unter\u00a0info@davo1.de. Der Mitgliedsbeitrag betr\u00e4gt\u00a030 Euro pro Jahr (10 Euro f\u00fcr Studierende und Personen mit reduziertem Einkommen). Der<\/p>\n<p><a class=\"margin_30 btn\" href=\"https:\/\/davo1.de\/de\/home\/mitgliedschaft\/\" >Weiterlesen<\/a><\/p>\n","protected":false},"author":2,"featured_media":0,"parent":2,"menu_order":4,"comment_status":"closed","ping_status":"closed","template":"","meta":{"footnotes":""},"class_list":["post-16","page","type-page","status-publish","hentry"],"_links":{"self":[{"href":"https:\/\/davo1.de\/de\/wp-json\/wp\/v2\/pages\/16","targetHints":{"allow":["GET"]}}],"collection":[{"href":"https:\/\/davo1.de\/de\/wp-json\/wp\/v2\/pages"}],"about":[{"href":"https:\/\/davo1.de\/de\/wp-json\/wp\/v2\/types\/page"}],"author":[{"embeddable":true,"href":"https:\/\/davo1.de\/de\/wp-json\/wp\/v2\/users\/2"}],"replies":[{"embeddable":true,"href":"https:\/\/davo1.de\/de\/wp-json\/wp\/v2\/comments?post=16"}],"version-history":[{"count":43,"href":"https:\/\/davo1.de\/de\/wp-json\/wp\/v2\/pages\/16\/revisions"}],"predecessor-version":[{"id":1543,"href":"https:\/\/davo1.de\/de\/wp-json\/wp\/v2\/pages\/16\/revisions\/1543"}],"up":[{"embeddable":true,"href":"https:\/\/davo1.de\/de\/wp-json\/wp\/v2\/pages\/2"}],"wp:attachment":[{"href":"https:\/\/davo1.de\/de\/wp-json\/wp\/v2\/media?parent=16"}],"curies":[{"name":"wp","href":"https:\/\/api.w.org\/{rel}","templated":true}]}}