{"id":2,"date":"2012-06-29T14:50:24","date_gmt":"2012-06-29T14:50:24","guid":{"rendered":"http:\/\/davo.wowdesign.de\/?page_id=2"},"modified":"2026-04-01T15:37:40","modified_gmt":"2026-04-01T13:37:40","slug":"home","status":"publish","type":"page","link":"https:\/\/davo1.de\/de\/","title":{"rendered":"Startseite"},"content":{"rendered":"<div class=\"wpb-content-wrapper\"><p>[vc_row full_width=&#8220;stretch_row&#8220;][vc_column][vc_empty_space height=&#8220;50px&#8220;][vc_column_text css=&#8220;&#8220;]<strong>Mission Statement<\/strong><\/p>\n<p>Die Deutsche Arbeitsgemeinschaft Vorderer Orient f\u00fcr gegenwartsbezogene Forschung und Dokumentation (DAVO) ist eine unabh\u00e4ngige, gemeinn\u00fctzige wissenschaftliche Vereinigung. Sie setzt sich daf\u00fcr ein, die Forschung und das Wissen \u00fcber Nordafrika, den Nahen Osten und Westasien voranzubringen.<\/p>\n<p>Unsere Mitglieder lehren, forschen und setzen sich kritisch mit diesen Regionen auseinander \u2013 sie erforschen ihre Geschichte, Gesellschaften und Verbindungen zu Europa. Zugleich widmet sich die DAVO aktuellen Themen in Deutschland und Europa, darunter Antisemitismus, antimuslimischer Rassismus und Migration.<\/p>\n<p>Die DAVO bietet eine lebendige Plattform f\u00fcr interdisziplin\u00e4re, internationale und engagierte Forschung. Durch Konferenzen, Arbeitsgruppen und Forschungsinitiativen f\u00f6rdern wir Dialog und Zusammenarbeit \u00fcber Fach- und L\u00e4ndergrenzen hinweg.<\/p>\n<p>Mit dem Ziel, ein tieferes und differenzierteres Verst\u00e4ndnis f\u00fcr Nordafrika, den Nahen Osten und Westasien zu f\u00f6rdern, arbeitet die DAVO aktiv daran, koloniale und orientalistische Perspektiven zu hinterfragen und bezieht klar Stellung gegen Rassismus, Unterdr\u00fcckung und jede Form von Angriff auf die akademische Freiheit.<\/p>\n<p><strong>\u00a0<\/strong><\/p>\n<p><strong>Aktuelles<\/strong><\/p>\n<p>Auf der DAVO-Mitgliederversammlung am 10. September 2025 wurden ein neuer Vorstand und ein neuer Beirat gew\u00e4hlt. In den kommenden Monaten werden wir unsere Website aktualisieren, um Ihnen aktuelle Informationen zu DAVO-Aktivit\u00e4ten \u00fcbersichtlich bereitzustellen.<\/p>\n<p>Wir danken Ihnen f\u00fcr Ihr Vertrauen und Ihre Unterst\u00fctzung \u2013 und freuen uns auf die n\u00e4chsten gemeinsamen Schritte![\/vc_column_text][\/vc_column][vc_column][vc_row_inner gap=&#8220;20&#8243;][vc_column_inner width=&#8220;1\/3&#8243; css=&#8220;.vc_custom_1763043447573{margin-bottom: 30px !important;border-top-width: 1px !important;border-right-width: 1px !important;border-bottom-width: 1px !important;border-left-width: 1px !important;background-color: #F3F3F3 !important;border-left-style: solid !important;border-right-style: solid !important;border-top-style: solid !important;border-bottom-style: solid !important;border-radius: 15px !important;border-color: #8F8E8E !important;}&#8220;][vc_column_text css=&#8220;.vc_custom_1774955529499{margin-bottom: 0px !important;padding-top: 20px !important;padding-right: 20px !important;padding-bottom: 20px !important;padding-left: 20px !important;}&#8220;]<\/p>\n<h3 style=\"text-align: center;\"><a href=\"https:\/\/davo1.de\/de\/en-the-german-middle-east-studies-association-davo-hereby-announces-the-davo-dissertation-award-2026-and-invites-applications\/\" target=\"_blank\" rel=\"noopener\"><strong>DAVO-Dissertationspreis 2026<\/strong><\/a><\/h3>\n<p style=\"text-align: center;\">Die Deutsche Arbeitsgemeinschaft Vorderer Orient f\u00fcr gegenwartsbezogene Forschung und Dokumentation e.V. (DAVO) schreibt hiermit den DAVO-Dissertationspreis 2026 aus und l\u00e4dt zur Bewerbung ein.<\/p>\n<p style=\"text-align: center;\">Einreichungsfrist: <strong>15. Mai 2026<\/strong><\/p>\n<p style=\"text-align: center;\"><a href=\"https:\/\/davo1.de\/de\/en-the-german-middle-east-studies-association-davo-hereby-announces-the-davo-dissertation-award-2026-and-invites-applications\/\" target=\"_blank\" rel=\"noopener\">Weitere Informationen<\/a><\/p>\n<p>[\/vc_column_text][\/vc_column_inner][vc_column_inner width=&#8220;1\/3&#8243; css=&#8220;.vc_custom_1763043443373{margin-top: 0px !important;margin-bottom: 30px !important;border-top-width: 1px !important;border-right-width: 1px !important;border-bottom-width: 1px !important;border-left-width: 1px !important;background-color: #F3F3F3 !important;border-left-style: solid !important;border-right-style: solid !important;border-top-style: solid !important;border-bottom-style: solid !important;border-radius: 15px !important;border-color: #8F8E8E !important;}&#8220;][vc_column_text css=&#8220;.vc_custom_1773991056161{margin-bottom: 0px !important;padding-top: 20px !important;padding-right: 20px !important;padding-bottom: 20px !important;padding-left: 20px !important;}&#8220;]<\/p>\n<h3 style=\"text-align: center;\"><a href=\"https:\/\/davo1.de\/de\/home\/kongress\/\" target=\"_blank\" rel=\"noopener\">DAVO-Kongress 2026<\/a><\/h3>\n<p style=\"text-align: center;\">Vom 10.9.-12.9.2026 an der LMU M\u00fcnchen!<\/p>\n<p style=\"text-align: center;\"><strong><a href=\"https:\/\/express.converia.de\/?sub=2106\" target=\"_blank\" rel=\"noopener\">Jetzt Beitrag einreichen!<\/a><\/strong><\/p>\n<p style=\"text-align: center;\">Einreichungsfrist: <strong>29. M\u00e4rz 2026<\/strong><\/p>\n<p style=\"text-align: center;\">Zum <a href=\"https:\/\/davo1.de\/de\/en-call-for-papers-davo-congress-2026-10-12-september-2026-lmu-munich\/\" target=\"_blank\" rel=\"noopener\">Call for Papers<\/a><\/p>\n<p style=\"text-align: center;\"><a href=\"https:\/\/davo1.de\/wp-content\/uploads\/2026\/03\/CfP-DAVO-Kongress-2026.pdf\" target=\"_blank\" rel=\"noopener\">Poster (als PDF-Download)<\/a><\/p>\n<p>[\/vc_column_text][\/vc_column_inner][vc_column_inner width=&#8220;1\/3&#8243; css=&#8220;.vc_custom_1763043438826{margin-bottom: 30px !important;border-top-width: 1px !important;border-right-width: 1px !important;border-bottom-width: 1px !important;border-left-width: 1px !important;background-color: #F3F3F3 !important;border-left-style: solid !important;border-right-style: solid !important;border-top-style: solid !important;border-bottom-style: solid !important;border-radius: 15px !important;border-color: #8F8E8E !important;}&#8220;][vc_column_text css=&#8220;.vc_custom_1773657149988{margin-bottom: 0px !important;padding-top: 20px !important;padding-right: 20px !important;padding-bottom: 20px !important;padding-left: 20px !important;}&#8220;]<\/p>\n<h3 style=\"text-align: center;\"><a href=\"https:\/\/davo1.de\/wp-content\/uploads\/2026\/03\/13032026-Statement-DAVO-CAF-KriSol-PJA-Hertie-School.pdf\" target=\"_blank\" rel=\"noopener\">\u00d6ffentliches Statement<\/a><\/h3>\n<p style=\"font-weight: 400; text-align: center;\">DAVO-GfW, die\u00a0<a href=\"https:\/\/krisol-wissenschaft.org\/\" target=\"_blank\" rel=\"noopener\">Allianz f\u00fcr kritische und solidarische Wissenschaft (KriSol)<\/a>\u00a0und der\u00a0<a href=\"https:\/\/pja-verein.de\/\" target=\"_blank\" rel=\"noopener\">Verein Pal\u00e4stinensischer und J\u00fcdischer Akademiker*innen (PJA)<\/a>\u00a0\u00e4u\u00dfern ihre Besorgnis \u00fcber die j\u00fcngsten Entwicklungen an der Hertie School und in der Hertie-Stiftung in Reaktion auf die von der Hertie Student Representatives verabschiedete Resolution<\/p>\n<p style=\"font-weight: 400; text-align: center;\"><a href=\"https:\/\/davo1.de\/wp-content\/uploads\/2026\/03\/13032026-Statement-DAVO-CAF-KriSol-PJA-Hertie-School.pdf\" target=\"_blank\" rel=\"noopener\">Weitere Informationen<\/a><\/p>\n<p>[\/vc_column_text][\/vc_column_inner][\/vc_row_inner][vc_row_inner gap=&#8220;20&#8243;][vc_column_inner width=&#8220;1\/3&#8243; css=&#8220;.vc_custom_1763043447573{margin-bottom: 30px !important;border-top-width: 1px !important;border-right-width: 1px !important;border-bottom-width: 1px !important;border-left-width: 1px !important;background-color: #F3F3F3 !important;border-left-style: solid !important;border-right-style: solid !important;border-top-style: solid !important;border-bottom-style: solid !important;border-radius: 15px !important;border-color: #8F8E8E !important;}&#8220;][vc_column_text css=&#8220;.vc_custom_1773389276273{margin-bottom: 0px !important;padding-top: 20px !important;padding-right: 20px !important;padding-bottom: 20px !important;padding-left: 20px !important;}&#8220;]<\/p>\n<h3 style=\"text-align: center;\"><a href=\"https:\/\/davo1.de\/wp-content\/uploads\/2026\/03\/12032026-CAF-Brief-Symposium-Stuttgarter-Kunstverein_final.pdf\" target=\"_blank\" rel=\"noopener\">\u00d6ffentliches Statement<\/a><\/h3>\n<p style=\"font-weight: 400; text-align: center;\">Offener Brief zur F\u00f6rderung des Symposiums \u201eZur Kritik der Freiheit und ihrer Repression\u201c<\/p>\n<p style=\"font-weight: 400; text-align: center;\"><a href=\"https:\/\/davo1.de\/wp-content\/uploads\/2026\/03\/12032026-CAF-Brief-Symposium-Stuttgarter-Kunstverein_final.pdf\" target=\"_blank\" rel=\"noopener\">Weitere Informationen<\/a><\/p>\n<p>[\/vc_column_text][\/vc_column_inner][vc_column_inner width=&#8220;1\/3&#8243; css=&#8220;.vc_custom_1763043443373{margin-top: 0px !important;margin-bottom: 30px !important;border-top-width: 1px !important;border-right-width: 1px !important;border-bottom-width: 1px !important;border-left-width: 1px !important;background-color: #F3F3F3 !important;border-left-style: solid !important;border-right-style: solid !important;border-top-style: solid !important;border-bottom-style: solid !important;border-radius: 15px !important;border-color: #8F8E8E !important;}&#8220;][vc_column_text css=&#8220;.vc_custom_1763478502031{margin-bottom: 0px !important;padding-top: 20px !important;padding-right: 20px !important;padding-bottom: 20px !important;padding-left: 20px !important;}&#8220;]<\/p>\n<h3 style=\"text-align: center;\"><a href=\"https:\/\/davo1.de\/de\/brismes-and-davo-committees-on-academic-freedom-statement-on-israeli-military-attack-on-birzeit-university-campus\/\" target=\"_blank\" rel=\"noopener\">\u00d6ffentliches Statement<\/a><\/h3>\n<p style=\"font-weight: 400; text-align: center;\">BRISMES-GfW und DAVO-GfW verurteilen aufs Sch\u00e4rfste den israelischen Milit\u00e4rangriff auf die Birzeit-Universit\u00e4t am 6. Januar 2026.<\/p>\n<p style=\"text-align: center;\"><a href=\"https:\/\/davo1.de\/de\/brismes-and-davo-committees-on-academic-freedom-statement-on-israeli-military-attack-on-birzeit-university-campus\/\" target=\"_blank\" rel=\"noopener\">Weitere Informationen<\/a><\/p>\n<p>[\/vc_column_text][\/vc_column_inner][vc_column_inner width=&#8220;1\/3&#8243; css=&#8220;.vc_custom_1763043438826{margin-bottom: 30px !important;border-top-width: 1px !important;border-right-width: 1px !important;border-bottom-width: 1px !important;border-left-width: 1px !important;background-color: #F3F3F3 !important;border-left-style: solid !important;border-right-style: solid !important;border-top-style: solid !important;border-bottom-style: solid !important;border-radius: 15px !important;border-color: #8F8E8E !important;}&#8220;][vc_column_text css=&#8220;.vc_custom_1763477965683{margin-bottom: 0px !important;padding-top: 20px !important;padding-right: 20px !important;padding-bottom: 20px !important;padding-left: 20px !important;}&#8220;]<\/p>\n<h3 style=\"text-align: center;\"><a href=\"https:\/\/davo1.de\/de\/unterstuetzendes-statement-zum-film-screening-an-der-kunstakademie-duesseldorf-mit-der-international-renommierten-kuenstlerin-frau-basma-al-sharif\/\" target=\"_blank\" rel=\"noopener\">\u00d6ffentliches Statement<\/a><\/h3>\n<p style=\"font-weight: 400; text-align: center;\">Unterst\u00fctzendes Statement zum Film-Screening an der Kunstakademie D\u00fcsseldorf mit der international renommierten K\u00fcnstlerin Frau Basma al-Sharif.<\/p>\n<p style=\"font-weight: 400; text-align: center;\"><a href=\"https:\/\/davo1.de\/de\/unterstuetzendes-statement-zum-film-screening-an-der-kunstakademie-duesseldorf-mit-der-international-renommierten-kuenstlerin-frau-basma-al-sharif\/\" target=\"_blank\" rel=\"noopener\">Weitere Informationen<\/a><\/p>\n<p>[\/vc_column_text][\/vc_column_inner][\/vc_row_inner][vc_row_inner gap=&#8220;20&#8243;][vc_column_inner width=&#8220;1\/3&#8243; css=&#8220;.vc_custom_1763043447573{margin-bottom: 30px !important;border-top-width: 1px !important;border-right-width: 1px !important;border-bottom-width: 1px !important;border-left-width: 1px !important;background-color: #F3F3F3 !important;border-left-style: solid !important;border-right-style: solid !important;border-top-style: solid !important;border-bottom-style: solid !important;border-radius: 15px !important;border-color: #8F8E8E !important;}&#8220;][vc_column_text css=&#8220;.vc_custom_1763475611421{margin-bottom: 0px !important;padding-top: 20px !important;padding-right: 20px !important;padding-bottom: 20px !important;padding-left: 20px !important;}&#8220;]<\/p>\n<h3 style=\"text-align: center;\"><a href=\"https:\/\/davo1.de\/oeffentliche-stellungnahme-vom-verein-palaestinensischer-und-juedischer-akademikerinnen-pja-allianz-fuer-kritische-und-solidarische-wissenschaft-krisol-und-dem-davo-gfw\/\" target=\"_blank\" rel=\"noopener\">\u00d6ffentliche Stellungnahme<\/a><\/h3>\n<p style=\"text-align: center;\">vom Verein Pal\u00e4stinensischer und J\u00fcdischer Akademiker*innen (PJA), Allianz f\u00fcr kritische und solidarische Wissenschaft (KriSol) und dem DAVO-GfW zur Absage der LMU-Veranstaltung \u201eThe Targeting of the Palestinian Academia\u201c.<\/p>\n<p style=\"font-weight: 400; text-align: center;\"><a href=\"https:\/\/davo1.de\/oeffentliche-stellungnahme-vom-verein-palaestinensischer-und-juedischer-akademikerinnen-pja-allianz-fuer-kritische-und-solidarische-wissenschaft-krisol-und-dem-davo-gfw\/\" target=\"_blank\" rel=\"noopener\">Weitere Informationen<\/a><\/p>\n<p>[\/vc_column_text][\/vc_column_inner][\/vc_row_inner][\/vc_column][\/vc_row][vc_row][vc_column][vc_column_text css=&#8220;&#8220;]<\/p>\n<h2>Ausgew\u00e4hlte\u00a0Forschung von\u00a0DAVO-Mitgliedern<\/h2>\n<p>Beck, M. (2026). Lebanon&#8217;s civil society: Revolutionary against authoritarian sectarianism or pervaded by it? In J. N. Sater (Ed.), Routledge Handbook of Civil Society in the Middle East and North Africa (pp. 151\u2013164). Abingdon: Routledge.<\/p>\n<p><a href=\"https:\/\/www.taylorfrancis.com\/books\/edit\/10.4324\/b23025\/routledge-handbook-civil-society-middle-east-north-africa-james-sater\" target=\"_blank\" rel=\"noopener\">Mehr erfahren &gt;<\/a><\/p>\n<hr \/>\n<p>Hajatpour, R. (2025). Islamische Ethik: Einf\u00fchrung (2. Aufl.; NomosBibliothek). Nomos Verlagsgesellschaft mbH &amp; Co. KG.<\/p>\n<p><a href=\"https:\/\/www.nomos-shop.de\/de\/p\/islamische-ethik-gr-978-3-7560-0164-4\" target=\"_blank\" rel=\"noopener\">Mehr erfahren &gt;<\/a><\/p>\n<hr \/>\n<p>Bentlage, B., &amp; K\u00f6ster, K. (2025). Introduction: Printing communities on the Islamicate periphery. Oriente Moderno,<em> 105 <\/em>(1\u20132), 1\u201332.<\/p>\n<p><a href=\"https:\/\/brill.com\/view\/journals\/ormo\/105\/1-2\/article-p1_1.xml\" target=\"_blank\" rel=\"noopener\">Mehr erfahren &gt;<\/a><\/p>\n<hr \/>\n<p>Kadic, K. (2025). Zwischen Kaffeehaus und Moschee: Kaffeetrinken, Rauchen und Alkoholkonsum in Bosnien in einem Traktat von Mu\u1e63\u1e6daf\u0101 Ibn Mu\u1e25ammad al-Aq\u1e25i\u1e63\u0101r\u012b (gest. 1169\/1755) (Bonner islamwissenschaftliche Hefte, Heft 52). EB-Verlag.<\/p>\n<p><a href=\"https:\/\/www.ebv-berlin.de\/epages\/15494902.sf\/de_DE\/?ObjectPath=\/Shops\/15494902\/Products\/%22ISBN%3A%20978-3-86893-508-0%22\" target=\"_blank\" rel=\"noopener\">Mehr erfahren &gt;<\/a><\/p>\n<hr \/>\n<p>Schwab, R., Krause, W., &amp; Massoud, S. (2025). The bombing of hospitals and rebel responses in civil war: Evidence from Syria. Journal of Conflict Resolution. Advance online publication.<\/p>\n<p><a href=\"https:\/\/doi.org\/10.1177\/00220027251407077\" target=\"_blank\" rel=\"noopener\">Mehr erfahren &gt;<\/a><\/p>\n<hr \/>\n<p>Beck, M., &amp; H\u00fcser, S. (2025). Variants of authoritarian robustness in the Arab uprisings: An institutionalist rentierism approach. Digest of Middle East Studies<em>, 35<\/em>, 1\u201313.<\/p>\n<p><a href=\"https:\/\/doi.org\/10.1111\/dome.70012\" target=\"_blank\" rel=\"noopener\">Mehr erfahren &gt;<\/a><\/p>\n<hr \/>\n<p>Pruss, M.-M. (2026). Rethinking Islamic modernism: Religious identity and community in colonial North India. McGill\u2011Queen\u2019s University Press.<\/p>\n<p><a href=\"https:\/\/www.mqup.ca\/Books\/R\/Rethinking-Islamic-Modernism\" target=\"_blank\" rel=\"noopener\">Mehr erfahren &gt;<\/a><\/p>\n<hr \/>\n<p>Rottleb, T. (2025). Offshore campus development and the worlding of Dubai as an international education hub. Urban Geography, 46(1), 180\u2013200.<\/p>\n<p><a href=\"https:\/\/doi.org\/10.1080\/02723638.2024.2359316\" target=\"_blank\" rel=\"noopener\">Mehr erfahren &gt;<\/a>[\/vc_column_text][vc_btn title=&#8220;Weitere Forschungsaufs\u00e4tze&#8220; css=&#8220;&#8220; link=&#8220;url:https%3A%2F%2Fdavo1.de%2Fhome%2Fen-featured-research%2F|title:%5B%3Ade%5DAusgew%C3%A4hlte%20Forschung%5B%3Aen%5DFeatured%20Research%5B%3A%5D&#8220;][\/vc_column][\/vc_row]<\/p>\n<\/div>","protected":false},"excerpt":{"rendered":"<p>[vc_row full_width=&#8220;stretch_row&#8220;][vc_column][vc_empty_space height=&#8220;50px&#8220;][vc_column_text css=&#8220;&#8220;]Mission Statement Die Deutsche Arbeitsgemeinschaft Vorderer Orient f\u00fcr gegenwartsbezogene Forschung und Dokumentation (DAVO) ist eine unabh\u00e4ngige, gemeinn\u00fctzige wissenschaftliche Vereinigung. Sie setzt sich daf\u00fcr ein, die Forschung und das Wissen \u00fcber Nordafrika, den Nahen Osten und Westasien voranzubringen. Unsere Mitglieder lehren, forschen und setzen sich kritisch mit diesen Regionen auseinander \u2013 sie erforschen ihre Geschichte, Gesellschaften und Verbindungen zu Europa. Zugleich widmet sich die DAVO aktuellen Themen in Deutschland und Europa, darunter Antisemitismus, antimuslimischer Rassismus und Migration. Die<\/p>\n<p><a class=\"margin_30 btn\" href=\"https:\/\/davo1.de\/de\/\" >Weiterlesen<\/a><\/p>\n","protected":false},"author":2,"featured_media":0,"parent":0,"menu_order":0,"comment_status":"closed","ping_status":"closed","template":"home-page.php","meta":{"footnotes":""},"class_list":["post-2","page","type-page","status-publish","hentry"],"_links":{"self":[{"href":"https:\/\/davo1.de\/de\/wp-json\/wp\/v2\/pages\/2","targetHints":{"allow":["GET"]}}],"collection":[{"href":"https:\/\/davo1.de\/de\/wp-json\/wp\/v2\/pages"}],"about":[{"href":"https:\/\/davo1.de\/de\/wp-json\/wp\/v2\/types\/page"}],"author":[{"embeddable":true,"href":"https:\/\/davo1.de\/de\/wp-json\/wp\/v2\/users\/2"}],"replies":[{"embeddable":true,"href":"https:\/\/davo1.de\/de\/wp-json\/wp\/v2\/comments?post=2"}],"version-history":[{"count":172,"href":"https:\/\/davo1.de\/de\/wp-json\/wp\/v2\/pages\/2\/revisions"}],"predecessor-version":[{"id":1539,"href":"https:\/\/davo1.de\/de\/wp-json\/wp\/v2\/pages\/2\/revisions\/1539"}],"wp:attachment":[{"href":"https:\/\/davo1.de\/de\/wp-json\/wp\/v2\/media?parent=2"}],"curies":[{"name":"wp","href":"https:\/\/api.w.org\/{rel}","templated":true}]}}