{"id":8,"date":"2012-06-29T17:13:03","date_gmt":"2012-06-29T15:13:03","guid":{"rendered":"http:\/\/davo.wowdesign.de\/?page_id=8"},"modified":"2026-03-06T09:57:11","modified_gmt":"2026-03-06T07:57:11","slug":"kongress","status":"publish","type":"page","link":"https:\/\/davo1.de\/de\/home\/kongress\/","title":{"rendered":"Kongress"},"content":{"rendered":"<div class=\"wpb-content-wrapper\"><p>[vc_row full_width=&#8220;stretch_row&#8220; content_placement=&#8220;middle&#8220; css_animation=&#8220;fadeIn&#8220; css=&#8220;.vc_custom_1762957733573{background-position: center !important;background-repeat: no-repeat !important;background-size: cover !important;}&#8220;][vc_column css_animation=&#8220;none&#8220;][vc_empty_space height=&#8220;30px&#8220;][vc_column_text css=&#8220;&#8220;]Der j\u00e4hrlich stattfindende, internationale DAVO-Kongress bietet Teilnehmerinnen und Teilnehmern die M\u00f6glichkeit, die eigenen Arbeiten vorzustellen und neue Kontakte zu schlie\u00dfen. Zur F\u00f6rderung des wissenschaftlichen Nachwuchses erhalten DoktorandInnen die M\u00f6glichkeit, im Rahmen der Werkstattgespr\u00e4che unter Betreuung erfahrener DAVO-Mitglieder die Konzepte ihrer Dissertationen zur Diskussion zu stellen.<\/p>\n<p>Auf dem DAVO-Kongress werden zudem die besten Dissertationen von DAVO-Mitgliedern, die im Vorjahr an einer Universit\u00e4t eingereicht wurden, mit dem DAVO-Dissertationspreis in H\u00f6he von insgesamt 3000 Euro ausgezeichnet.[\/vc_column_text][\/vc_column][\/vc_row][vc_row css=&#8220;.vc_custom_1572963035956{padding-top: 25px !important;}&#8220;][vc_column][vc_column_text css=&#8220;&#8220;]<\/p>\n<h2><strong>Call for Papers: DAVO-Kongress 2026 | 10.\u201312. September 2026 | LMU M\u00fcnchen<\/strong><\/h2>\n<div class=\"gmail_default\"><\/div>\n<p>Die Deutsche Arbeitsgemeinschaft Vorderer Orient (DAVO) l\u00e4dt zur Einreichung von Beitr\u00e4gen f\u00fcr ihren 32. internationalen Jahreskongress ein. Der Kongress findet vom 10. bis 12. September 2026 an der Ludwig-Maximilians-Universit\u00e4t (LMU) M\u00fcnchen statt und wird vom Lehrstuhl f\u00fcr Arabistik und Islamwissenschaft am Institut f\u00fcr den Nahen und Mittleren Osten der LMU ausgerichtet.<\/p>\n<p><a href=\"https:\/\/davo1.de\/de\/en-call-for-papers-davo-congress-2026-10-12-september-2026-lmu-munich\/\" target=\"_blank\" rel=\"noopener\">Call for Papers &gt;&gt;<\/a><\/p>\n<p><a href=\"https:\/\/davo1.de\/de\/en-call-for-papers-for-semi-open-panels\/\" target=\"_blank\" rel=\"noopener\">Call for Papers for semi-open panels &gt;&gt;<\/a><\/p>\n<p><a href=\"https:\/\/express.converia.de\/?sub=2106\" target=\"_blank\" rel=\"noopener\">Beitragseinreichung \u00fcber Converia &gt;&gt;<\/a><\/p>\n<p><a href=\"https:\/\/davo1.de\/wp-content\/uploads\/2026\/03\/CfP-DAVO-Kongress-2026.pdf\" target=\"_blank\" rel=\"noopener\">Poster (als PDF-Download) &gt;&gt;<\/a><\/p>\n<p>&nbsp;<\/p>\n<p>&nbsp;<\/p>\n<hr \/>\n<h2><\/h2>\n<h2>31. Internationaler DAVO-Kongress<\/h2>\n<h3>Erlangen, 8. \u2013 12. September 2025<\/h3>\n<p>Dieser DAVO-Kongress wird im Rahmen des 35. Deutschen Orientalistentages (DOT 2025) an der Friedrich-Alexander-Universit\u00e4t Erlangen-N\u00fcrnberg abgehalten. Weitere Information finden Sie <a href=\"https:\/\/www.dot2025.fau.de\/\" target=\"_blank\" rel=\"noopener\">hier<\/a>.[\/vc_column_text][\/vc_column][\/vc_row][vc_row][vc_column][vc_separator color=&#8220;custom&#8220; el_width=&#8220;70&#8243; accent_color=&#8220;#f6f6f6&#8243;][\/vc_column][\/vc_row][vc_row css=&#8220;.vc_custom_1572963035956{padding-top: 25px !important;}&#8220;][vc_column][vc_column_text css=&#8220;&#8220;]<\/p>\n<h2>30. Internationaler DAVO-Kongress<\/h2>\n<h3>G\u00f6ttingen, 26. \u2013 28. September 2024<\/h3>\n<p>Der 30. DAVO-Kongress wird an der Universit\u00e4t G\u00f6ttingen abgehalten unter dem Leitthema \u201eGesellschaften im Wandel: Recht, Kultur und Politik im Vorderen Orient\u201c. Weitere Information finden Sie <a href=\"https:\/\/gesellschaften-im-wandel30.de\/frontend\/index.php?sub=1436\">hier<\/a>.[\/vc_column_text][\/vc_column][\/vc_row][vc_row][vc_column][vc_separator color=&#8220;custom&#8220; el_width=&#8220;70&#8243; accent_color=&#8220;#f6f6f6&#8243;][\/vc_column][\/vc_row][vc_row css=&#8220;.vc_custom_1572963035956{padding-top: 25px !important;}&#8220;][vc_column][vc_column_text]<\/p>\n<h2>29. Internationaler DAVO-Kongress<\/h2>\n<h3>Wien, 21. \u2013 23. September 2023<\/h3>\n<p>Der 29. DAVO-Kongress wird im Rahmen des \u201eTurkologentags 2023 \u2013 Forth European Convention on Turkic, Ottoman and Turkish Studies\u201c in der Universit\u00e4t Wien abgehalten. Weitere Informationen finden Sie <a href=\"https:\/\/davo1.de\/wp-content\/uploads\/2023\/04\/Einladung-29.-DAVO-Kongress-Wien-2023-2.pdf\">hier<\/a>[\/vc_column_text][\/vc_column][\/vc_row][vc_row][vc_column][vc_separator color=&#8220;custom&#8220; el_width=&#8220;70&#8243; accent_color=&#8220;#f6f6f6&#8243;][\/vc_column][\/vc_row][vc_row css=&#8220;.vc_custom_1572963035956{padding-top: 25px !important;}&#8220;][vc_column][vc_column_text]<\/p>\n<h2>28. Internationaler DAVO-Kongress<\/h2>\n<h3>Berlin, 12. \u2013 17. September 2022<\/h3>\n<p>Der 28. DAVO-Kongress wird im Rahmen des 34. Deutschen Orientalistentages an der Freien Universit\u00e4t Berlin abgehalten. Weitere Informationen finden Sie <a href=\"https:\/\/dot2022.de\/\">hier<\/a>.[\/vc_column_text][\/vc_column][\/vc_row][vc_row][vc_column][vc_separator color=&#8220;custom&#8220; el_width=&#8220;70&#8243; accent_color=&#8220;#f6f6f6&#8243;][\/vc_column][\/vc_row][vc_row css=&#8220;.vc_custom_1572963035956{padding-top: 25px !important;}&#8220;][vc_column][vc_column_text]<\/p>\n<h2>27. Internationaler DAVO-Kongress<\/h2>\n<h3>Osnabr\u00fcck, 16. \u2013 18. September 2021<\/h3>\n<p>Weitere Informationen finden Sie <a href=\"https:\/\/www.iit.uos.de\/davo2021\">hier<\/a>\u00a0.[\/vc_column_text][\/vc_column][\/vc_row][vc_row][vc_column][vc_separator color=&#8220;custom&#8220; el_width=&#8220;70&#8243; accent_color=&#8220;#f6f6f6&#8243;][\/vc_column][\/vc_row][vc_row css=&#8220;.vc_custom_1572963035956{padding-top: 25px !important;}&#8220;][vc_column][vc_column_text]<\/p>\n<h2>26. Internationaler DAVO-Kongress<\/h2>\n<h3>Hamburg, 3.\u00a0\u2013 5. Oktober 2019<\/h3>\n<p>Weitere Informationen finden Sie <a href=\"https:\/\/www.aai.uni-hamburg.de\/voror\/veranstaltungen\/2019-davokongress.html\">hier<\/a>\u00a0.[\/vc_column_text][\/vc_column][\/vc_row][vc_row][vc_column][vc_separator color=&#8220;custom&#8220; el_width=&#8220;70&#8243; accent_color=&#8220;#f6f6f6&#8243;][\/vc_column][\/vc_row][vc_row][vc_column][vc_column_text]<\/p>\n<h2>25. Internationaler DAVO-Kongress<\/h2>\n<h3>Frankfurt\/Main, 4. \u2013 6. Oktober 2018<\/h3>\n<p>Weitere Informationen finden Sie <a href=\"http:\/\/www.ffgi.net\/termine-davo-25.html\">hier<\/a>.[\/vc_column_text][\/vc_column][\/vc_row][vc_row][vc_column][vc_separator color=&#8220;custom&#8220; el_width=&#8220;70&#8243; accent_color=&#8220;#f6f6f6&#8243;][\/vc_column][\/vc_row][vc_row][vc_column][vc_column_text]<\/p>\n<h2>24. Internationaler DAVO-Kongress<\/h2>\n<h3>Jena, 18. \u2013 22. September 2017<\/h3>\n<p>Der 24. DAVO-Kongress wurde im Rahmen des 33. Deutschen Orientalistentages abgehalten. Weitere Informationen finden Sie <a href=\"http:\/\/www.dot2017.de\/\">hier<\/a>.[\/vc_column_text][\/vc_column][\/vc_row][vc_row][vc_column][vc_separator color=&#8220;custom&#8220; el_width=&#8220;70&#8243; accent_color=&#8220;#f6f6f6&#8243;][\/vc_column][\/vc_row][vc_row][vc_column][vc_column_text]<\/p>\n<h2>23. Internationaler DAVO-Kongress<\/h2>\n<h3>T\u00fcbingen, 6. \u2013 8. Oktober 2016<\/h3>\n<p>[\/vc_column_text][\/vc_column][\/vc_row][vc_row][vc_column][vc_separator color=&#8220;custom&#8220; el_width=&#8220;70&#8243; accent_color=&#8220;#f6f6f6&#8243;][\/vc_column][\/vc_row][vc_row][vc_column][vc_column_text]<\/p>\n<h2>22. Internationaler DAVO-Kongress<\/h2>\n<h3>Bochum, 24. \u2013 26. September 2015<\/h3>\n<p>[\/vc_column_text][\/vc_column][\/vc_row][vc_row][vc_column][vc_separator color=&#8220;custom&#8220; el_width=&#8220;70&#8243; accent_color=&#8220;#f6f6f6&#8243;][\/vc_column][\/vc_row][vc_row][vc_column][vc_column_text]<\/p>\n<h2>21. Internationaler DAVO-Kongress<\/h2>\n<h3>K\u00f6ln, 25. \u2013 27. September 2014<\/h3>\n<p>Weitere Informationen finden Sie <a href=\"http:\/\/davo2014.de\/\">hier<\/a>.[\/vc_column_text][\/vc_column][\/vc_row][vc_row][vc_column][vc_separator color=&#8220;custom&#8220; el_width=&#8220;70&#8243; accent_color=&#8220;#f6f6f6&#8243;][\/vc_column][\/vc_row][vc_row][vc_column][vc_column_text]<\/p>\n<h2>20. Internationaler DAVO-Kongress<\/h2>\n<h3>M\u00fcnster, 23. \u2013 27. September 2013<\/h3>\n<p>Der 20. DAVO-Kongress wurde im Rahmen des Deutschen Orientalistentages abgehalten. Weitere Informationen finden Sie\u00a0<a href=\"http:\/\/www.dot2013.de\">hier<\/a>.[\/vc_column_text][\/vc_column][\/vc_row]<\/p>\n<\/div>","protected":false},"excerpt":{"rendered":"<p>[vc_row full_width=&#8220;stretch_row&#8220; content_placement=&#8220;middle&#8220; css_animation=&#8220;fadeIn&#8220; css=&#8220;.vc_custom_1762957733573{background-position: center !important;background-repeat: no-repeat !important;background-size: cover !important;}&#8220;][vc_column css_animation=&#8220;none&#8220;][vc_empty_space height=&#8220;30px&#8220;][vc_column_text css=&#8220;&#8220;]Der j\u00e4hrlich stattfindende, internationale DAVO-Kongress bietet Teilnehmerinnen und Teilnehmern die M\u00f6glichkeit, die eigenen Arbeiten vorzustellen und neue Kontakte zu schlie\u00dfen. Zur F\u00f6rderung des wissenschaftlichen Nachwuchses erhalten DoktorandInnen die M\u00f6glichkeit, im Rahmen der Werkstattgespr\u00e4che unter Betreuung erfahrener DAVO-Mitglieder die Konzepte ihrer Dissertationen zur Diskussion zu stellen. Auf dem DAVO-Kongress werden zudem die besten Dissertationen von DAVO-Mitgliedern, die im Vorjahr an einer Universit\u00e4t eingereicht wurden, mit dem DAVO-Dissertationspreis in<\/p>\n<p><a class=\"margin_30 btn\" href=\"https:\/\/davo1.de\/de\/home\/kongress\/\" >Weiterlesen<\/a><\/p>\n","protected":false},"author":2,"featured_media":0,"parent":2,"menu_order":3,"comment_status":"closed","ping_status":"closed","template":"custom-page.php","meta":{"footnotes":""},"class_list":["post-8","page","type-page","status-publish","hentry"],"_links":{"self":[{"href":"https:\/\/davo1.de\/de\/wp-json\/wp\/v2\/pages\/8","targetHints":{"allow":["GET"]}}],"collection":[{"href":"https:\/\/davo1.de\/de\/wp-json\/wp\/v2\/pages"}],"about":[{"href":"https:\/\/davo1.de\/de\/wp-json\/wp\/v2\/types\/page"}],"author":[{"embeddable":true,"href":"https:\/\/davo1.de\/de\/wp-json\/wp\/v2\/users\/2"}],"replies":[{"embeddable":true,"href":"https:\/\/davo1.de\/de\/wp-json\/wp\/v2\/comments?post=8"}],"version-history":[{"count":91,"href":"https:\/\/davo1.de\/de\/wp-json\/wp\/v2\/pages\/8\/revisions"}],"predecessor-version":[{"id":1482,"href":"https:\/\/davo1.de\/de\/wp-json\/wp\/v2\/pages\/8\/revisions\/1482"}],"up":[{"embeddable":true,"href":"https:\/\/davo1.de\/de\/wp-json\/wp\/v2\/pages\/2"}],"wp:attachment":[{"href":"https:\/\/davo1.de\/de\/wp-json\/wp\/v2\/media?parent=8"}],"curies":[{"name":"wp","href":"https:\/\/api.w.org\/{rel}","templated":true}]}}