{"id":911,"date":"2025-11-12T15:56:17","date_gmt":"2025-11-12T13:56:17","guid":{"rendered":"https:\/\/davo1.de\/?page_id=911"},"modified":"2025-12-06T14:40:22","modified_gmt":"2025-12-06T12:40:22","slug":"vision-und-schwerpunkte","status":"publish","type":"page","link":"https:\/\/davo1.de\/de\/home\/uber-die-davo\/vision-und-schwerpunkte\/","title":{"rendered":"Vision und Schwerpunkte"},"content":{"rendered":"<div class=\"wpb-content-wrapper\"><p>[vc_row][vc_column][vc_column_text css=&#8220;&#8220;]<\/p>\n<h4><strong>Partizipativ &amp; vernetzt<\/strong><\/h4>\n<p>Die DAVO lebt von Zusammenarbeit und Beteiligung. Wir koordinieren und unterst\u00fctzen Arbeitsgruppen und Tagungen, die unsere wissenschaftliche Gemeinschaft st\u00e4rken. Um die Sichtbarkeit von Forschung zu erh\u00f6hen, nutzen wir verschiedene Kommunikationsformen \u2013 von Vortragsreihen \u00fcber Blogs und Podcasts bis zu Forschungsberichten und unserem Newsletter.<\/p>\n<p>&nbsp;<\/p>\n<h4><strong>Raum f\u00fcr Forschung &amp; Austausch<\/strong><\/h4>\n<p>Wir f\u00f6rdern Workshops und Arbeitsgruppen, die Forschende aus unterschiedlichen Disziplinen und Regionen zusammenbringen. Die DAVO unterst\u00fctzt interdisziplin\u00e4re Forschung, die vielf\u00e4ltige Perspektiven und Methoden verbindet. Ihren H\u00f6hepunkt findet sie in der j\u00e4hrlichen DAVO-Konferenz, einem zentralen Forum f\u00fcr wissenschaftlichen Austausch.<\/p>\n<p>&nbsp;<\/p>\n<h4><strong>Transnational &amp; inklusiv<\/strong><\/h4>\n<p>Die DAVO baut Br\u00fccken \u2013 zwischen Regionen, Disziplinen und Generationen. Wir setzen auf Vielfalt in Vorstand, Arbeitsgruppen und Veranstaltungen und f\u00f6rdern gezielt den wissenschaftlichen Nachwuchs.<br \/>\nZudem m\u00f6chten wir die Zusammenarbeit mit internationalen Partnern wie BRISMES und MESA sowie den Austausch zwischen Forschenden in Nordafrika, dem Nahen Osten, Westasien und deutschen Institutionen st\u00e4rken.<\/p>\n<p>&nbsp;<\/p>\n<h4><strong>Orientalismus kritisch hinterfragen<\/strong><\/h4>\n<p>Die DAVO setzt sich aktiv mit kolonialen Erbschaften und Forschungspraktiken auseinander, die Wissenschaft bis heute pr\u00e4gen. Gemeinsam reflektieren wir kritisch Begriffe, Strukturen und Darstellungsweisen in unserer Forschung und unseren Aktivit\u00e4ten.<\/p>\n<p>&nbsp;<\/p>\n<h4><strong>Wissenschaft ist nicht neutral<\/strong><\/h4>\n<p>DAVO erkennt an, dass Wissenschaft selten v\u00f6llig neutral ist. Wir stehen f\u00fcr eine engagierte Forschung, die soziale und ethische Verantwortung \u00fcbernimmt, und beziehen klar Position gegen V\u00f6lkermord, Kolonialismus und Rassismus.<br \/>\nZur St\u00e4rkung dieser Grunds\u00e4tze entwickelt die DAVO derzeit einen Verhaltenskodex, der unser Handeln leiten und uns verpflichten wird, rassistische, antisemitische und islamfeindliche Strukturen aktiv zu benennen und herauszufordern.<\/p>\n<p>&nbsp;<\/p>\n<h4><strong>Verteidigung der akademischen Freiheit<\/strong><\/h4>\n<p>Akademische Freiheit ist ein Grundpfeiler unserer Arbeit. Um sie zu sch\u00fctzen, hat die Mitgliederversammlung der DAVO das <a href=\"https:\/\/davo1.de\/de\/home\/gfw\/\">Gremium f\u00fcr Wissenschaftsfreiheit (GfW)<\/a> gegr\u00fcndet, das sich f\u00fcr Rechtsstaatlichkeit, akademische Rechte und die Freiheit von Forschung und Lehre einsetzt.[\/vc_column_text][\/vc_column][\/vc_row]<\/p>\n<\/div>","protected":false},"excerpt":{"rendered":"<p>[vc_row][vc_column][vc_column_text css=&#8220;&#8220;] Partizipativ &amp; vernetzt Die DAVO lebt von Zusammenarbeit und Beteiligung. Wir koordinieren und unterst\u00fctzen Arbeitsgruppen und Tagungen, die unsere wissenschaftliche Gemeinschaft st\u00e4rken. Um die Sichtbarkeit von Forschung zu erh\u00f6hen, nutzen wir verschiedene Kommunikationsformen \u2013 von Vortragsreihen \u00fcber Blogs und Podcasts bis zu Forschungsberichten und unserem Newsletter. &nbsp; Raum f\u00fcr Forschung &amp; Austausch Wir f\u00f6rdern Workshops und Arbeitsgruppen, die Forschende aus unterschiedlichen Disziplinen und Regionen zusammenbringen. Die DAVO unterst\u00fctzt interdisziplin\u00e4re Forschung, die vielf\u00e4ltige Perspektiven und Methoden verbindet. Ihren H\u00f6hepunkt<\/p>\n<p><a class=\"margin_30 btn\" href=\"https:\/\/davo1.de\/de\/home\/uber-die-davo\/vision-und-schwerpunkte\/\" >Weiterlesen<\/a><\/p>\n","protected":false},"author":2,"featured_media":0,"parent":11,"menu_order":0,"comment_status":"closed","ping_status":"closed","template":"","meta":{"footnotes":""},"class_list":["post-911","page","type-page","status-publish","hentry"],"_links":{"self":[{"href":"https:\/\/davo1.de\/de\/wp-json\/wp\/v2\/pages\/911","targetHints":{"allow":["GET"]}}],"collection":[{"href":"https:\/\/davo1.de\/de\/wp-json\/wp\/v2\/pages"}],"about":[{"href":"https:\/\/davo1.de\/de\/wp-json\/wp\/v2\/types\/page"}],"author":[{"embeddable":true,"href":"https:\/\/davo1.de\/de\/wp-json\/wp\/v2\/users\/2"}],"replies":[{"embeddable":true,"href":"https:\/\/davo1.de\/de\/wp-json\/wp\/v2\/comments?post=911"}],"version-history":[{"count":7,"href":"https:\/\/davo1.de\/de\/wp-json\/wp\/v2\/pages\/911\/revisions"}],"predecessor-version":[{"id":1238,"href":"https:\/\/davo1.de\/de\/wp-json\/wp\/v2\/pages\/911\/revisions\/1238"}],"up":[{"embeddable":true,"href":"https:\/\/davo1.de\/de\/wp-json\/wp\/v2\/pages\/11"}],"wp:attachment":[{"href":"https:\/\/davo1.de\/de\/wp-json\/wp\/v2\/media?parent=911"}],"curies":[{"name":"wp","href":"https:\/\/api.w.org\/{rel}","templated":true}]}}