{"id":915,"date":"2025-11-12T16:25:30","date_gmt":"2025-11-12T14:25:30","guid":{"rendered":"https:\/\/davo1.de\/?page_id=915"},"modified":"2026-02-02T17:14:27","modified_gmt":"2026-02-02T15:14:27","slug":"vorstand-beirat","status":"publish","type":"page","link":"https:\/\/davo1.de\/de\/home\/uber-die-davo\/vorstand-beirat\/","title":{"rendered":"Vorstand &#038; Beirat"},"content":{"rendered":"<div class=\"wpb-content-wrapper\"><p>[vc_row][vc_column][vc_column_text css=&#8220;&#8220;]Die DAVO wird von einem Vorstand geleitet, der aus <strong>Vorsitz, stellvertretendem Vorsitz, Schrift\u00fchrer:in und Schatzmeister:in<\/strong> besteht. Die Mitglieder werden f\u00fcr <strong>drei Jahre<\/strong> gew\u00e4hlt.\u00a0Der <strong>Beirat<\/strong> wird ebenfalls f\u00fcr drei Jahre gew\u00e4hlt und unterst\u00fctzt den Vorstand in inhaltlichen und strategischen Fragen.<\/p>\n<p>Der aktuelle Vorstand sowie die meisten Beiratsmitglieder wurden auf der Mitgliederversammlung am 10. September 2025 gew\u00e4hlt.[\/vc_column_text][vc_empty_space][\/vc_column][\/vc_row][vc_row][vc_column width=&#8220;2\/3&#8243;][vc_column_text css=&#8220;&#8220;]<\/p>\n<h2><strong>Mitglieder des Vorstands<\/strong><\/h2>\n<h3><strong>Christine Binzel<\/strong><\/h3>\n<p><strong>Vorsitzende<\/strong><\/p>\n<p>Christine Binzel ist Professorin f\u00fcr Volkswirtschaftslehre: Wirtschaft und Gesellschaft des Nahen Ostens an der Friedrich-Alexander-Universit\u00e4t Erlangen-N\u00fcrnberg (FAU). Ihre Forschung umfasst Themen der Entwicklungs\u00f6konomie, Wirtschaftsgeschichte und politischen \u00d6konomie \u2013 mit besonderem Interesse an sozialer Mobilit\u00e4t, gesellschaftlichem Zusammenhalt sowie sozialen und religi\u00f6sen Bewegungen. F\u00fcr ihre Forschung nutzt sie vorhandene Mikrodaten, digitalisiert historische Quellen und erhebt eigene Daten durch Umfragen, Labor- und Feldexperimente. Christine Binzel ist Faculty Fellow der Association for Analytic Learning about Islam and Muslim Societies (AALIMS), Research Fellow am Centre for Economic Policy Research (CEPR) sowie Mitglied des Ausschusses f\u00fcr Entwicklungs\u00f6konomie im Verein f\u00fcr Socialpolitik.<\/p>\n<p><a href=\"https:\/\/sites.google.com\/site\/cbinzel\">Mehr Informationen<\/a>[\/vc_column_text][vc_empty_space][\/vc_column][vc_column width=&#8220;1\/3&#8243;][vc_single_image image=&#8220;1020&#8243; img_size=&#8220;&#8220; alignment=&#8220;center&#8220; style=&#8220;vc_box_circle_2&#8243; css=&#8220;&#8220;][vc_column_text css=&#8220;&#8220;]<\/p>\n<p style=\"text-align: center;\"><small><em>Foto: Georg Po\u0308hlein<\/em><\/small><\/p>\n<p>[\/vc_column_text][\/vc_column][\/vc_row][vc_row][vc_column width=&#8220;2\/3&#8243;][vc_column_text css=&#8220;&#8220;]<\/p>\n<h3><strong>Hanna Al Taher<\/strong><\/h3>\n<p><strong>Stellvertretende Vorsitzende<\/strong><\/p>\n<p>Hanna Al Taher ist Politikwissenschaftlerin und Wissenschaftliche Mitarbeiterin am Lehrstuhl f\u00fcr Politische Theorie und Ideengeschichte der TU Dresden. Hanna ist assoziierte Forscherin an der Universit\u00e4t Kassel und der Queen Mary University London. Ihre Arbeit befasst sich aktuell mit Staatstheorie, Grenzen und P\u00e4ssen aus einer queer-marxistischen Perspektive und ist der kritischen Erforschung von Machtverh\u00e4ltnissen gewidmet.[\/vc_column_text][vc_empty_space][\/vc_column][vc_column width=&#8220;1\/3&#8243;][vc_single_image image=&#8220;1282&#8243; img_size=&#8220;medium&#8220; alignment=&#8220;center&#8220; style=&#8220;vc_box_circle_2&#8243; css=&#8220;&#8220;][vc_column_text css=&#8220;&#8220;]<\/p>\n<p style=\"text-align: center;\"><small><em>Foto: Hawwari<\/em><\/small><\/p>\n<p>[\/vc_column_text][\/vc_column][\/vc_row][vc_row][vc_column width=&#8220;2\/3&#8243;][vc_column_text css=&#8220;&#8220;]<\/p>\n<h3><strong>Benjamin Sch\u00fctze<\/strong><\/h3>\n<p><strong>Schatzmeister<\/strong><\/p>\n<p>Benjamin Sch\u00fctze ist Senior Researcher und Leiter einer Emmy-Noether-Forschungsgruppe mit dem Titel \u201e<a href=\"https:\/\/www.polecon-solar-mena.org\/en\">Renewable Energies, Renewed Authoritarianisms? The Political Economy of Solar Energy in the MENA<\/a>\u201c am Arnold-Bergstraesser-Institut (ABI) in Freiburg. Seine Forschung konzentriert sich auf \u201aDemokratief\u00f6rderung\u2018, Interventionspolitik, transregional vernetzte autorit\u00e4re Praktiken sowie die politische \u00d6konomie zeitgen\u00f6ssischer Energiepolitik. Besonderes Augenmerk legt er auf das Zusammenspiel von Klimakrise, dem Ausbau erneuerbarer Energien, der globalen Neuordnung autorit\u00e4rer Macht und dem Entstehen neuer Widerstandsformen in L\u00e4ndern wie Marokko, Tunesien und Jordanien. Er ist gew\u00e4hltes Mitglied des BRISMES Committee for Academic Freedom (CAF), Alumnus der Young Academy for Sustainability Research (FRIAS) und Mitglied des International Editorial Advisory Board der Zeitschrift <em>Middle East Critique<\/em>.<\/p>\n<p><a href=\"https:\/\/www.arnold-bergstraesser.de\/en\/staff\/schutze-dr-benjamin\">Mehr Informationen<\/a>[\/vc_column_text][vc_empty_space][\/vc_column][vc_column width=&#8220;1\/3&#8243;][vc_single_image image=&#8220;1016&#8243; img_size=&#8220;&#8220; alignment=&#8220;center&#8220; style=&#8220;vc_box_circle_2&#8243; css=&#8220;&#8220;][vc_column_text css=&#8220;&#8220;]<\/p>\n<p style=\"text-align: center;\"><small><em>Foto: Klaus Polkowski<\/em><\/small><\/p>\n<p>[\/vc_column_text][\/vc_column][\/vc_row][vc_row][vc_column width=&#8220;2\/3&#8243;][vc_column_text css=&#8220;&#8220;]<\/p>\n<h3><strong>Hanna Kienzler<\/strong><\/h3>\n<p><strong>Schriftf\u00fchrerin<\/strong><\/p>\n<p>Hanna Kienzler ist Professorin f\u00fcr Global Health am Department of Global Health and Social Medicine und Co-Direktorin des <a href=\"https:\/\/www.kcl.ac.uk\/csmh\">ESRC Centre for Society and Mental Health<\/a> am King\u2019s College London. Ihre Forschung untersucht, wie systemische Gewalt, Krieg und komplexe humanit\u00e4re Krisen die Gesundheit und psychische Gesundheit beeinflussen \u2013 unter anderem in dem besetzten pal\u00e4stinensischen Gebiet, in Kosovo sowie unter Gefl\u00fcchteten in Gro\u00dfbritannien. Sie erforscht die psychischen Folgen von Krieg und Trauma f\u00fcr \u00dcberlebende, die gesellschaftliche Teilhabe von Menschen mit schweren psychischen Erkrankungen sowie die Wirksamkeit humanit\u00e4rer und psychosozialer Interventionen in fragilen Staaten. Hanna Kienzler ist Mitbegr\u00fcnderin des Netzwerks <a href=\"https:\/\/www.kcl.ac.uk\/research\/refugee-mental-health-place\">Refugee Mental Health &amp; Place<\/a>. Methodisch kombiniert sie ethnographische Ans\u00e4tze mit einer Vielzahl anderer qualitativer Methoden, partizipativen Forschungsans\u00e4tzen und kunstbasierten Verfahren.<\/p>\n<p><a href=\"https:\/\/www.kcl.ac.uk\/people\/hanna-kienzler\">Mehr Informationen<\/a>[\/vc_column_text][vc_empty_space][\/vc_column][vc_column width=&#8220;1\/3&#8243;][vc_single_image image=&#8220;1019&#8243; img_size=&#8220;&#8220; alignment=&#8220;center&#8220; style=&#8220;vc_box_circle_2&#8243; css=&#8220;&#8220;][\/vc_column][\/vc_row][vc_row][vc_column width=&#8220;2\/3&#8243;][vc_column_text css=&#8220;&#8220;]<\/p>\n<h2>Mitglieder des wissenschaftlichen Beirats<\/h2>\n<p><strong>Sara Ababneh<\/strong>, ist Dozentin f\u00fcr Internationale Beziehungen an der University of Sheffield, wo sie zu den Themen Politik des Nahen Ostens, geschlechtsspezifische Politik in der arabischen Welt sowie Rasse und Rassismus in der Weltpolitik lehrt. Zuvor war sie als Associate Professor am Center for Strategic Studies der University of Jordan t\u00e4tig und fungierte dort als Leiterin der Abteilung f\u00fcr politische und soziale Forschung. Ababneh erwarb ihren Doktorgrad (DPhil) in Politik und Internationalen Beziehungen am St. Antony\u2019s College der University of Oxford. Sie hat unter anderem zu den Arabischen Aufst\u00e4nden, zur Politik des Widerstands, zu Gender und Islamismus, zu muslimischem Familienrecht sowie zu geschlechtsspezifischer und arbeitsbezogener Politik in der arabischen Welt publiziert, mit einem besonderen Schwerpunkt auf Jordanien und Pal\u00e4stina.[\/vc_column_text][vc_empty_space][\/vc_column][vc_column width=&#8220;1\/3&#8243;][vc_single_image image=&#8220;1017&#8243; img_size=&#8220;&#8220; alignment=&#8220;center&#8220; style=&#8220;vc_box_circle_2&#8243; css=&#8220;&#8220;][\/vc_column][\/vc_row][vc_row][vc_column width=&#8220;2\/3&#8243;][vc_column_text css=&#8220;&#8220;]<strong>Sebastian Els\u00e4sser<\/strong>, ist Privatdozent f\u00fcr Islamwissenschaft an der Christian-Albrechts-Universit\u00e4t Kiel und Leiter der DFG-Forschungsgruppe \u201eGenerationen islamischen Aktivismus\u201c (2023\u20132026). Er studierte in Berlin und Kairo Islamwissenschaft, Politikwissenschaft und Wirtschaftswissenschaft und wurde 2012 an der Freien Universit\u00e4t Berlin zu einer Arbeit \u00fcber die christliche Minderheit im zeitgen\u00f6ssischen \u00c4gypten promoviert. Von 2008 bis 2011 war er Gastdoktorand am CEDEJ, einem franz\u00f6sischen Forschungszentrum f\u00fcr Sozialwissenschaften in Kairo, und unterrichtet seit 2011 Nahost- und Islamwissenschaft an den Universit\u00e4ten Kiel, Hamburg und Freiburg. Sein Forschungsschwerpunkt liegt auf Gesellschaft, Religion und Politik in der modernen arabischen Welt. Seine Publikationen umfassen die ideologische und soziokulturelle Geschichte der Muslimbruderschaft, koptische Christen in \u00c4gypten, Scheidung und Familienrecht, und Nichtreligion und Atheismus in der arabischen Welt.[\/vc_column_text][vc_empty_space][\/vc_column][vc_column width=&#8220;1\/3&#8243;][vc_single_image image=&#8220;1015&#8243; img_size=&#8220;&#8220; alignment=&#8220;center&#8220; style=&#8220;vc_box_circle_2&#8243; css=&#8220;&#8220;][\/vc_column][\/vc_row][vc_row][vc_column width=&#8220;2\/3&#8243;][vc_column_text css=&#8220;&#8220;]<strong>Nils Riecken<\/strong>, ist wissenschaftlicher Mitarbeiter (Postdoc) im ERC-Projekt \u201cLate Ottoman Palestinians: Social and Cultural Dynamics in an Eastern Mediterranean Society during the Age of Empire, 1880-1920\u201d (LOOP) am Institut f\u00fcr Arabistik und Islamwissenschaft an der Ruhr-Universit\u00e4t Bochum. Zuvor war er wissenschaftlicher Mitarbeiter am Leibniz- Zentrum Moderner Orient und hat den Lehrstuhl f\u00fcr Islamwissenschaft an der Freien Universit\u00e4t Berlin vertreten. Seine Forschung und Lehre verbinden Arabistik und Islamwissenschaft, historische, kritische und politische Theorie, postkoloniale Studien, Intellectual history und Sozialgeschichte. Seine Arbeitsfelder sind sp\u00e4tosmanische Staatlichkeit in Pal\u00e4stina, zeitgen\u00f6ssische arabische Philosophie (insbesondere das Werk Abdallah Larouis), Islam und Moderne, Historizit\u00e4t und Zeitlichkeit, Postkolonialit\u00e4t, Kritik, Universalismus und Subjektivit\u00e4t sowie Wissensproduktion in Arabistik und Islamwissenschaft im Kontext der Staatsraison. In seinem demn\u00e4chst erscheinenden Buch interpretiert er den zeitgen\u00f6ssischen marokkanischen Intellektuellen, Historiker und Romancier Abdallah Laroui (*1933) als Theoretiker, der zu lokalen, regionalen und globalen Debatten beitr\u00e4gt. Seine Arbeiten sind unter anderem in Democratic Theory, Der Islam, Geschichte &amp;amp; Gesellschaft, History &amp;amp; Theory, Peripherie und ReOrient erschienen.<\/p>\n<p><a href=\"https:\/\/www.ruhr-uni-bochum.de\/islamwiss\/personen\/nilsriecken.html.de\" target=\"_blank\" rel=\"noopener\">Homepage am Institut<\/a><br \/>\n<a href=\"https:\/\/orcid.org\/my-orcid?orcid=0009-0000-5167-2278\" target=\"_blank\" rel=\"noopener\">ORCID<\/a>[\/vc_column_text][vc_empty_space][\/vc_column][vc_column width=&#8220;1\/3&#8243;][vc_single_image image=&#8220;1018&#8243; img_size=&#8220;&#8220; alignment=&#8220;center&#8220; style=&#8220;vc_box_circle_2&#8243; css=&#8220;&#8220;][\/vc_column][\/vc_row][vc_row][vc_column width=&#8220;2\/3&#8243;][vc_column_text css=&#8220;&#8220;]<strong>Serena Tolino<\/strong>, Professorin f\u00fcr Islamwissenschaft und Middle Eastern Studies an der Universit\u00e4t Bern, Leiterin des SNF Starting Grants\u00a0TraIL. Tracing Labour in Islamicate Legal Traditions, des SNF-Projekts\u00a0TraSIS. Trajectories of Slavery in Islamicate Societies. Three Concepts from Islamic Legal Sources\u00a0sowie Co-Leiterin des SNF\/DFG-Projekts\u00a0The Flow: From Deep Learning to Digital Analysis and their Role in the Humanities. Creating, Evaluating, and Critiquing Workflows for Historical Corpora.[\/vc_column_text][vc_empty_space][\/vc_column][vc_column width=&#8220;1\/3&#8243;][vc_single_image image=&#8220;1014&#8243; img_size=&#8220;&#8220; alignment=&#8220;center&#8220; style=&#8220;vc_box_circle_2&#8243; css=&#8220;&#8220;][\/vc_column][\/vc_row][vc_row][vc_column width=&#8220;2\/3&#8243;][vc_column_text css=&#8220;&#8220;]<strong>Schirin Amir-Moazami<\/strong>, ist Professorin und Leiterin des Profilbereichs Islam in Europa am Institut f\u00fcr Islamwissenschaft der Freien Universit\u00e4t Berlin und ist PI an der Berlin Graduate School Muslim Cultures and Societies. Sie hat in Politikwissenschaft und Soziologie in Frankfurt am Main, Marseille, Paris und Berlin studiert und im Department Social and Political Sciences am Europ\u00e4ischen Hochschulinstitut in Florenz promoviert. Ihre Forschung besch\u00e4ftigt sich mit der Ausgestaltung von religi\u00f6s-kultureller Pluralit\u00e4t in westeurop\u00e4ischen Einwanderungsgesellschaften, kritischer politischer Theorie, S\u00e4kularismus, K\u00f6rperpolitiken und Politiken der Wissensproduktion. Zu diesen Themen hat sie u.a. 2018 das Buch Der inspizierte Muslim. Zur Politisierung der Islamforschung in Europa herausgegeben. Ihre letzte Monografie zur Machtanalytik von Integrationspolitiken in Deutschland erschien 2022 bei Bloomsbury Academic unter dem Titel: Interrogating Muslims. The Liberal-Secular Matrix of Integration.[\/vc_column_text][vc_empty_space][\/vc_column][vc_column width=&#8220;1\/3&#8243;][vc_single_image image=&#8220;1386&#8243; img_size=&#8220;&#8220; alignment=&#8220;center&#8220; style=&#8220;vc_box_circle_2&#8243; css=&#8220;&#8220;][\/vc_column][\/vc_row][vc_row][vc_column width=&#8220;2\/3&#8243;][vc_column_text css=&#8220;&#8220;]<strong>Bj\u00f6rn Bentlage<\/strong>, Post-Doc Wissenschaftler und Dozent f\u00fcr Arabistik und Islamwissenschaft an der Universit\u00e4t Bern und der LMU M\u00fcnchen. Meine Forschungsinteressen reichen von fr\u00fchmoderner arabischer Reiseliteratur \u00fcber die Verflechtungsgeschichte des Nahen Ostens im 19. und 20. Jhdt. bis zu gegenw\u00e4rtigen Rechtsentwicklungen und Gef\u00e4ngnisliteratur.[\/vc_column_text][vc_empty_space][\/vc_column][vc_column width=&#8220;1\/3&#8243;][vc_single_image image=&#8220;1355&#8243; img_size=&#8220;&#8220; alignment=&#8220;center&#8220; style=&#8220;vc_box_circle_2&#8243; css=&#8220;&#8220;][\/vc_column][\/vc_row][vc_row][vc_column width=&#8220;2\/3&#8243;][vc_column_text css=&#8220;&#8220;]<strong>Aymon Kreil<\/strong>, ist assoziierter Professor an der Fachgruppe f\u00fcr Sprachen und Kulturen der Fakult\u00e4t f\u00fcr Geisteswissenschaften und Philosophie der Universit\u00e4t Gent und Co-Direktor des Centre for Anthropological Research on Affect and Materiality (CARAM). Kreil schloss 2012 sein Studium der Anthropologie an der \u00c9cole des Hautes \u00c9tudes en Sciences Sociales (EHESS, Paris) und der Universit\u00e4t Neuenburg ab. Kreil hat den gr\u00f6ssten Teil seiner anthropologischen Forschung in \u00c4gypten durchgef\u00fchrt, wo er sich mit den Themen Liebe, Sexualit\u00e4t, Kunst und religi\u00f6se Autorit\u00e4t befasst. Er ist Mitherausgeber der B\u00fccher<em>\u00a0Reinventing Love? Gender, Intimacy and Romance in the Arab World<\/em>\u00a0(Peter Lang, 2018),\u00a0<em>Making Sense of Change: Methodological Approaches to Societies in Transformation<\/em>\u00a0(Palgrave McMillan, 2021) und\u00a0<em>Sex and Desire in Muslim Cultures: Beyond Norms and Transgression from the Abbasids to the Present Day\u00a0<\/em>(IB Tauris, 2021).[\/vc_column_text][\/vc_column][vc_column width=&#8220;1\/3&#8243;][vc_single_image image=&#8220;1278&#8243; img_size=&#8220;&#8220; alignment=&#8220;center&#8220; style=&#8220;vc_box_circle_2&#8243; css=&#8220;&#8220;][\/vc_column][\/vc_row]<\/p>\n<\/div>","protected":false},"excerpt":{"rendered":"<p>[vc_row][vc_column][vc_column_text css=&#8220;&#8220;]Die DAVO wird von einem Vorstand geleitet, der aus Vorsitz, stellvertretendem Vorsitz, Schrift\u00fchrer:in und Schatzmeister:in besteht. Die Mitglieder werden f\u00fcr drei Jahre gew\u00e4hlt.\u00a0Der Beirat wird ebenfalls f\u00fcr drei Jahre gew\u00e4hlt und unterst\u00fctzt den Vorstand in inhaltlichen und strategischen Fragen. Der aktuelle Vorstand sowie die meisten Beiratsmitglieder wurden auf der Mitgliederversammlung am 10. September 2025 gew\u00e4hlt.[\/vc_column_text][vc_empty_space][\/vc_column][\/vc_row][vc_row][vc_column width=&#8220;2\/3&#8243;][vc_column_text css=&#8220;&#8220;] Mitglieder des Vorstands Christine Binzel Vorsitzende Christine Binzel ist Professorin f\u00fcr Volkswirtschaftslehre: Wirtschaft und Gesellschaft des Nahen Ostens an der Friedrich-Alexander-Universit\u00e4t Erlangen-N\u00fcrnberg<\/p>\n<p><a class=\"margin_30 btn\" href=\"https:\/\/davo1.de\/de\/home\/uber-die-davo\/vorstand-beirat\/\" >Weiterlesen<\/a><\/p>\n","protected":false},"author":2,"featured_media":0,"parent":11,"menu_order":0,"comment_status":"closed","ping_status":"closed","template":"custom-page.php","meta":{"footnotes":""},"class_list":["post-915","page","type-page","status-publish","hentry"],"_links":{"self":[{"href":"https:\/\/davo1.de\/de\/wp-json\/wp\/v2\/pages\/915","targetHints":{"allow":["GET"]}}],"collection":[{"href":"https:\/\/davo1.de\/de\/wp-json\/wp\/v2\/pages"}],"about":[{"href":"https:\/\/davo1.de\/de\/wp-json\/wp\/v2\/types\/page"}],"author":[{"embeddable":true,"href":"https:\/\/davo1.de\/de\/wp-json\/wp\/v2\/users\/2"}],"replies":[{"embeddable":true,"href":"https:\/\/davo1.de\/de\/wp-json\/wp\/v2\/comments?post=915"}],"version-history":[{"count":56,"href":"https:\/\/davo1.de\/de\/wp-json\/wp\/v2\/pages\/915\/revisions"}],"predecessor-version":[{"id":1402,"href":"https:\/\/davo1.de\/de\/wp-json\/wp\/v2\/pages\/915\/revisions\/1402"}],"up":[{"embeddable":true,"href":"https:\/\/davo1.de\/de\/wp-json\/wp\/v2\/pages\/11"}],"wp:attachment":[{"href":"https:\/\/davo1.de\/de\/wp-json\/wp\/v2\/media?parent=915"}],"curies":[{"name":"wp","href":"https:\/\/api.w.org\/{rel}","templated":true}]}}