{"id":977,"date":"2025-11-13T16:04:52","date_gmt":"2025-11-13T14:04:52","guid":{"rendered":"https:\/\/davo1.de\/?page_id=977"},"modified":"2026-03-13T19:05:44","modified_gmt":"2026-03-13T17:05:44","slug":"gfw","status":"publish","type":"page","link":"https:\/\/davo1.de\/de\/home\/gfw\/","title":{"rendered":"GfW"},"content":{"rendered":"<div class=\"wpb-content-wrapper\"><p>[vc_row][vc_column][vc_column_text css=&#8220;&#8220;]Das Ziel des <strong>Gremiums f\u00fcr Wissenschaftsfreiheit der DAVO (DAVO-GfW)<\/strong> ist es, die akademische Freiheit in Forschung, Studium und Lehre der gegenwartsbezogenen Forschung zum Nahen und Mittleren Osten im mehrheitlich deutschsprachigen Raum und \u00fcberall auf der Welt, einschlie\u00dflich der akademischen Einrichtungen im Nahen und Mittleren Osten, zu beobachten und zu verteidigen. Mehr Informationen zum DAVO-GfW sind unter Paragraph 16 der <a href=\"https:\/\/davo1.de\/wp-content\/uploads\/2025\/11\/DAVO-Satzung-v2025-09.pdf\">DAVO-Satzung<\/a> zu finden.<\/p>\n<p>Wie darin festgeschrieben arbeitet das DAVO-GfW auf der Grundlage der grundgesetzlichen Garantie f\u00fcr die Freiheit von Kunst, Wissenschaft und Forschung (GG, Artikel 5, Abs. 3) sowie der Empfehlung der <em>UNESCO<\/em> zum Status des Hochschullehrpersonals von 1997 und versteht akademische Freiheit als \u201edas Recht, ohne Einschr\u00e4nkung durch eine vorgeschriebene Doktrin frei zu lehren und zu diskutieren, frei zu forschen und die Ergebnisse zu verbreiten und zu ver\u00f6ffentlichen, frei seine Meinung \u00fcber die Institution oder das System zu \u00e4u\u00dfern, in der\/dem er\/sie arbeitet, frei von institutioneller Zensur und frei in professionellen oder repr\u00e4sentativen akademischen Gremien mitzuwirken.\u201c<\/p>\n<p>Die aktuellen Sprecher*innen des DAVO-GfW sind Sevil \u00c7ak\u0131r und Nils Riecken. Anfragen an das DAVO-GfW k\u00f6nnen Sie per E-Mail an <a href=\"mailto:academicfreedom@davo1.de\">academicfreedom@davo1.de<\/a> senden.<\/p>\n<p>&nbsp;<\/p>\n<p><strong>13.03.2026<\/strong>: \u00d6ffentliche Stellungnahme: DAVO-GfW, die <a href=\"https:\/\/krisol-wissenschaft.org\/\">Allianz f\u00fcr kritische und solidarische Wissenschaft (KriSol)<\/a> und der\u00a0<a href=\"https:\/\/pja-verein.de\/\">Verein Pal\u00e4stinensischer und J\u00fcdischer Akademiker*innen (PJA)<\/a>\u00a0\u00e4u\u00dfern ihre Besorgnis \u00fcber die j\u00fcngsten Entwicklungen an der Hertie School und in der Hertie-Stiftung in Reaktion auf die von der Hertie Student Representatives verabschiedete Resolution: \u201eResolution to Endorse the Boycott, Divestment, Sanctions (BDS) Campaign and to Divest Hertie Student-Controlled Funds from Organizations Complicit in Human Rights Violations in the Occupied Palestinian Territories (OPT)&#8220; &gt;&gt; <a href=\"https:\/\/davo1.de\/wp-content\/uploads\/2026\/03\/13032026-Statement-DAVO-CAF-KriSol-PJA-Hertie-School.pdf\" target=\"_blank\" rel=\"noopener\">PDF<\/a><\/p>\n<p><strong>12.03.2026<\/strong>: \u00d6ffentliche Stellungnahme: Offener Brief zur F\u00f6rderung des Symposiums \u201eZur Kritik der Freiheit und ihrer Repression\u201c &gt;&gt; <a href=\"https:\/\/davo1.de\/wp-content\/uploads\/2026\/03\/12032026-CAF-Brief-Symposium-Stuttgarter-Kunstverein_final.pdf\" target=\"_blank\" rel=\"noopener\">PDF<\/a><\/p>\n<p><strong>20.01.2026<\/strong>: \u00d6ffentliche Stellungnahme: BRISMES-GfW und DAVO-GfW verurteilen aufs Sch\u00e4rfste den israelischen Milit\u00e4rangriff auf die Birzeit-Universit\u00e4t am 6. Januar 2026.\u00a0&gt;&gt; <a href=\"https:\/\/davo1.de\/wp-content\/uploads\/2026\/01\/20012026_Birzeit_Statement.pdf\" target=\"_blank\" rel=\"noopener\">PDF<\/a><\/p>\n<p><strong>20.01.2026<\/strong>: Unterst\u00fctzendes Statement zum Film-Screening an der Kunstakademie D\u00fcsseldorf mit der international renommierten K\u00fcnstlerin Frau Basma al-Sharif.\u00a0&gt;&gt; <a href=\"https:\/\/davo1.de\/wp-content\/uploads\/2026\/01\/20012026-CAF-Brief-Kunstakademie-Duesseldorf-Fioretti.pdf\" target=\"_blank\" rel=\"noopener\">PDF<\/a><\/p>\n<p><strong>18.11.2025<\/strong>: \u00d6ffentliche Stellungnahme vom <a href=\"https:\/\/pja-verein.de\/\">Verein Pal\u00e4stinensischer und J\u00fcdischer Akademiker*innen (PJA)<\/a>, <a href=\"https:\/\/krisol-wissenschaft.org\/\">Allianz f\u00fcr kritische und solidarische Wissenschaft (KriSol)<\/a> und dem DAVO-GfW zur Absage der LMU-Veranstaltung \u201eThe Targeting of the Palestinian Academia\u201c. &gt;&gt; <a href=\"https:\/\/davo1.de\/wp-content\/uploads\/2025\/11\/PJA-KriSol-DAVO-CAF-LMU-Stellungnahme.pdf\">PDF<\/a><\/p>\n<p><strong>17.11.2025<\/strong>: Statement des DAVO-GfW zur im Raum stehenden Absage der Veranstaltung \u201eThe Targeting of the Palestinian Academia\u201c an der LMU. &gt;&gt; <a href=\"https:\/\/davo1.de\/wp-content\/uploads\/2026\/01\/17112025-CAF-Brief-an-LMU-Weber-Goetz_ohne-Unterschriften.pdf\">PDF<\/a><\/p>\n<p><strong>12.11.2025<\/strong>: Gemeinsame Erkl\u00e4rung mit BRISMES, SeSaMO und MESA zur Absage des Symposiums \u201ePalestine and Europe\u201c, das vom Lehrstuhl Contemporary History of the Arab World am Coll\u00e8ge de France und dem CAREP (Arab Center for Research and Political Studies) organisiert wurde. &gt;&gt; <a href=\"https:\/\/davo1.de\/wp-content\/uploads\/2025\/11\/12112025_CAF_Joint_Letter_signed-CdF-Macron-Baptiste-Roemer.pdf\">PDF<\/a>[\/vc_column_text][\/vc_column][\/vc_row]<\/p>\n<\/div>","protected":false},"excerpt":{"rendered":"<p>[vc_row][vc_column][vc_column_text css=&#8220;&#8220;]Das Ziel des Gremiums f\u00fcr Wissenschaftsfreiheit der DAVO (DAVO-GfW) ist es, die akademische Freiheit in Forschung, Studium und Lehre der gegenwartsbezogenen Forschung zum Nahen und Mittleren Osten im mehrheitlich deutschsprachigen Raum und \u00fcberall auf der Welt, einschlie\u00dflich der akademischen Einrichtungen im Nahen und Mittleren Osten, zu beobachten und zu verteidigen. Mehr Informationen zum DAVO-GfW sind unter Paragraph 16 der DAVO-Satzung zu finden. Wie darin festgeschrieben arbeitet das DAVO-GfW auf der Grundlage der grundgesetzlichen Garantie f\u00fcr die Freiheit von Kunst,<\/p>\n<p><a class=\"margin_30 btn\" href=\"https:\/\/davo1.de\/de\/home\/gfw\/\" >Weiterlesen<\/a><\/p>\n","protected":false},"author":2,"featured_media":0,"parent":2,"menu_order":0,"comment_status":"closed","ping_status":"closed","template":"custom-page.php","meta":{"footnotes":""},"class_list":["post-977","page","type-page","status-publish","hentry"],"_links":{"self":[{"href":"https:\/\/davo1.de\/de\/wp-json\/wp\/v2\/pages\/977","targetHints":{"allow":["GET"]}}],"collection":[{"href":"https:\/\/davo1.de\/de\/wp-json\/wp\/v2\/pages"}],"about":[{"href":"https:\/\/davo1.de\/de\/wp-json\/wp\/v2\/types\/page"}],"author":[{"embeddable":true,"href":"https:\/\/davo1.de\/de\/wp-json\/wp\/v2\/users\/2"}],"replies":[{"embeddable":true,"href":"https:\/\/davo1.de\/de\/wp-json\/wp\/v2\/comments?post=977"}],"version-history":[{"count":24,"href":"https:\/\/davo1.de\/de\/wp-json\/wp\/v2\/pages\/977\/revisions"}],"predecessor-version":[{"id":1507,"href":"https:\/\/davo1.de\/de\/wp-json\/wp\/v2\/pages\/977\/revisions\/1507"}],"up":[{"embeddable":true,"href":"https:\/\/davo1.de\/de\/wp-json\/wp\/v2\/pages\/2"}],"wp:attachment":[{"href":"https:\/\/davo1.de\/de\/wp-json\/wp\/v2\/media?parent=977"}],"curies":[{"name":"wp","href":"https:\/\/api.w.org\/{rel}","templated":true}]}}